{"id":14,"date":"2016-02-06T21:19:18","date_gmt":"2016-02-06T21:19:18","guid":{"rendered":"http:\/\/croma.irontemplates.com\/umbrella\/?page_id=14"},"modified":"2026-02-01T13:39:55","modified_gmt":"2026-02-01T13:39:55","slug":"angebote","status":"publish","type":"page","link":"https:\/\/intuitiv-training.com\/de\/angebote\/","title":{"rendered":"Angebote"},"content":{"rendered":"<div class=\"wpb-content-wrapper\"><div  class=\" vc_row wpb_row vc_row-fluid in_container \"><div class=\"wpb_column vc_column_container vc_col-sm-12\"><div class=\"vc_column-inner\"><div class=\"wpb_wrapper\">\n\t<div class=\"wpb_text_column wpb_content_element\" >\n\t\t<div class=\"wpb_wrapper\">\n\t\t\t<p style=\"text-align: center;\">Ich biete Gesundheitsberatung und Personal Training f\u00fcr Privatpersonen als auch Unternehmen an.<\/p>\n\n\t\t<\/div>\n\t<\/div>\n<div class=\"vc_separator wpb_content_element vc_separator_align_center vc_sep_width_100 vc_sep_pos_align_center vc_separator_no_text vc_sep_color_grey wpb_content_element  wpb_content_element\" ><span class=\"vc_sep_holder vc_sep_holder_l\"><span class=\"vc_sep_line\"><\/span><\/span><span class=\"vc_sep_holder vc_sep_holder_r\"><span class=\"vc_sep_line\"><\/span><\/span>\n<\/div><div class=\"vc_empty_space\"   style=\"height: 32px\"><span class=\"vc_empty_space_inner\"><\/span><\/div><\/div><\/div><\/div><\/div><div  class=\" vc_row wpb_row vc_row-fluid in_container \"><div class=\"wpb_column vc_column_container vc_col-sm-12\"><div class=\"vc_column-inner\"><div class=\"wpb_wrapper\">\n\t<div class=\"wpb_text_column wpb_content_element\" >\n\t\t<div class=\"wpb_wrapper\">\n\t\t\t<p>Was beinhaltet eine\u2026<\/p>\n<p><strong>Gesundheitsberatung<\/strong>?<\/p>\n<p>\u2192 Es handelt sich um eine 60-min\u00fctige Beratung in Form eines 1-zu-1-Coachings (online oder vor Ort).<\/p>\n<p>\u2192 Du hast Fragen zu gesundheitlichen oder trainingsspezifischen Aspekten und m\u00f6chtest einen erfahrenen Gesundheitscoach an deiner Seite, der dir mit konkreten Handlungsempfehlungen und Informationen weiterhilft.<br \/>\n\u2192 Du hast Fragen zu effektivem Kraft-, Ausdauer- oder Beweglichkeitstraining.<br \/>\n\u2192 Du hast Fragen zu bestimmten \u00dcbungen oder m\u00f6chtest wissen, wie intuitives Training funktioniert.<br \/>\n\u2192 Ich beantworte dir alle deine Fragen rund um Fitness, Gesundheit und Training und helfe dir auf deinem Weg voranzukommen.<\/p>\n\n\t\t<\/div>\n\t<\/div>\n<div class=\"vc_empty_space\"   style=\"height: 32px\"><span class=\"vc_empty_space_inner\"><\/span><\/div><\/div><\/div><\/div><\/div><div  class=\" vc_row wpb_row vc_row-fluid in_container \"><div class=\"wpb_column vc_column_container vc_col-sm-12\"><div class=\"vc_column-inner\"><div class=\"wpb_wrapper\">\n\t<div class=\"wpb_text_column wpb_content_element\" >\n\t\t<div class=\"wpb_wrapper\">\n\t\t\t<p>Was beinhaltet ein\u2026<\/p>\n<p><strong>Personal Training<\/strong>?<\/p>\n<p>\u2192 Es handelt sich um ein 60-min\u00fctiges Training in Form eines 1-zu-1-Coachings.<\/p>\n<p>\u2192 Du m\u00f6chtest einen kompetenten Personal Trainer an deiner Seite, der genau wei\u00df, was f\u00fcr dich mit deinen pers\u00f6nlichen Zielen Sinn macht.<br \/>\n\u2192 Du m\u00f6chtest effektiv trainieren, wei\u00dft aber nicht genau wie.<br \/>\n\u2192 Du hast Fragen zu bestimmten \u00dcbungen oder m\u00f6chtest wissen, wie intuitives Training funktioniert.<br \/>\n\u2192 Ich beantworte dir alle deine Fragen rund um Fitness, Gesundheit und Training und gestalte Personal Training f\u00fcr dich und mit dir.<\/p>\n<p>Du m\u00f6chtest gerne einen schriftlichen Trainingsplan haben?<br \/>\nKein Problem, ich erstelle dir gerne einen individuellen Trainingsplan, der sich auf deine Ziele fokussiert.<\/p>\n\n\t\t<\/div>\n\t<\/div>\n<div class=\"vc_empty_space\"   style=\"height: 32px\"><span class=\"vc_empty_space_inner\"><\/span><\/div><\/div><\/div><\/div><\/div><div  class=\" vc_row wpb_row vc_row-fluid in_container \"><div class=\"wpb_column vc_column_container vc_col-sm-8\"><div class=\"vc_column-inner\"><div class=\"wpb_wrapper\">\n\t<div class=\"wpb_text_column wpb_content_element\" >\n\t\t<div class=\"wpb_wrapper\">\n\t\t\t<p><strong>ON TOP<\/strong> &#8211; Blutbildberatung:<br \/>\nFalls du m\u00f6chtest, schauen wir uns gemeinsam dein Blutbild an, ich berate dich zu Nahrungserg\u00e4nzungsmitteln und gebe dir Tipps und Tricks zur Optimierung mit an die Hand.<\/p>\n\n\t\t<\/div>\n\t<\/div>\n\n\t<div class=\"wpb_text_column wpb_content_element\" >\n\t\t<div class=\"wpb_wrapper\">\n\t\t\t<p><strong>ON TOP<\/strong> &#8211; Intuitiv &#8211; R U N:<br \/>\nFalls du m\u00f6chtest, nimm gerne am w\u00f6chentlichen <a href=\"https:\/\/intuitiv-training.com\/de\/event\/intuitiv-r-u-n\/\">Intuitiv &#8211; R U N<\/a> teil!<\/p>\n\n\t\t<\/div>\n\t<\/div>\n<\/div><\/div><\/div><div class=\"wpb_column vc_column_container vc_col-sm-4\"><div class=\"vc_column-inner\"><div class=\"wpb_wrapper\">\n\t<div class=\"wpb_text_column wpb_content_element\" >\n\t\t<div class=\"wpb_wrapper\">\n\t\t\t<p style=\"text-align: left;\">Bei Fragen melde dich gerne unter dem <a href=\"https:\/\/intuitiv-training.com\/de\/kontakt\/\">Kontaktformular<\/a>.<\/p>\n\n\t\t<\/div>\n\t<\/div>\n<\/div><\/div><\/div><\/div><div  class=\" vc_row wpb_row vc_row-fluid in_container \"><div class=\"wpb_column vc_column_container vc_col-sm-12\"><div class=\"vc_column-inner\"><div class=\"wpb_wrapper\"><div class=\"vc_empty_space\"   style=\"height: 32px\"><span class=\"vc_empty_space_inner\"><\/span><\/div><\/div><\/div><\/div><\/div><div  class=\" vc_row wpb_row vc_row-fluid in_container \"><div class=\"wpb_column vc_column_container vc_col-sm-12\"><div class=\"vc_column-inner\"><div class=\"wpb_wrapper\"><div class=\"vc_empty_space\"   style=\"height: 32px\"><span class=\"vc_empty_space_inner\"><\/span><\/div><\/div><\/div><\/div><\/div><div  class=\" vc_row wpb_row vc_row-fluid in_container \"><div class=\"wpb_column vc_column_container vc_col-sm-12\"><div class=\"vc_column-inner\"><div class=\"wpb_wrapper\"><\/div><\/div><\/div><\/div>\n<\/div>","protected":false},"excerpt":{"rendered":"Ich biete Gesundheitsberatung und Personal Training f\u00fcr Privatpersonen als auch Unternehmen an. Was beinhaltet eine\u2026 Gesundheitsberatung? \u2192 Es handelt sich um eine 60-min\u00fctige Beratung in Form eines 1-zu-1-Coachings (online oder vor Ort). \u2192 Du hast Fragen zu gesundheitlichen oder trainingsspezifischen Aspekten und m\u00f6chtest einen erfahrenen Gesundheitscoach an deiner Seite, der dir mit konkreten Handlungsempfehlungen und Informationen weiterhilft. \u2192 Du hast Fragen zu effektivem Kraft-, Ausdauer- oder Beweglichkeitstraining. \u2192 Du hast Fragen zu bestimmten \u00dcbungen oder m\u00f6chtest wissen, wie intuitives Training [...]","protected":false},"author":1,"featured_media":0,"parent":0,"menu_order":4,"comment_status":"closed","ping_status":"closed","template":"","meta":{"_acf_changed":false,"footnotes":""},"class_list":["post-14","page","type-page","status-publish","hentry"],"acf":[],"_links":{"self":[{"href":"https:\/\/intuitiv-training.com\/de\/wp-json\/wp\/v2\/pages\/14","targetHints":{"allow":["GET"]}}],"collection":[{"href":"https:\/\/intuitiv-training.com\/de\/wp-json\/wp\/v2\/pages"}],"about":[{"href":"https:\/\/intuitiv-training.com\/de\/wp-json\/wp\/v2\/types\/page"}],"author":[{"embeddable":true,"href":"https:\/\/intuitiv-training.com\/de\/wp-json\/wp\/v2\/users\/1"}],"replies":[{"embeddable":true,"href":"https:\/\/intuitiv-training.com\/de\/wp-json\/wp\/v2\/comments?post=14"}],"version-history":[{"count":61,"href":"https:\/\/intuitiv-training.com\/de\/wp-json\/wp\/v2\/pages\/14\/revisions"}],"predecessor-version":[{"id":2344,"href":"https:\/\/intuitiv-training.com\/de\/wp-json\/wp\/v2\/pages\/14\/revisions\/2344"}],"wp:attachment":[{"href":"https:\/\/intuitiv-training.com\/de\/wp-json\/wp\/v2\/media?parent=14"}],"curies":[{"name":"wp","href":"https:\/\/api.w.org\/{rel}","templated":true}]}}