{"id":16,"date":"2016-02-06T21:19:29","date_gmt":"2016-02-06T21:19:29","guid":{"rendered":"http:\/\/croma.irontemplates.com\/umbrella\/?page_id=16"},"modified":"2026-02-04T16:03:21","modified_gmt":"2026-02-04T16:03:21","slug":"intuitiv-training","status":"publish","type":"page","link":"https:\/\/intuitiv-training.com\/de\/intuitiv-training\/","title":{"rendered":"Was ist Intuitiv Training?"},"content":{"rendered":"<div class=\"wpb-content-wrapper\"><div  class=\" vc_row wpb_row vc_row-fluid in_container \"><div class=\"wpb_column vc_column_container vc_col-sm-12\"><div class=\"vc_column-inner\"><div class=\"wpb_wrapper\">\n\t<div class=\"wpb_text_column wpb_content_element\" >\n\t\t<div class=\"wpb_wrapper\">\n\t\t\t<h4>Das Konzept<\/h4>\n\n\t\t<\/div>\n\t<\/div>\n<div class=\"vc_empty_space\"   style=\"height: 10px\"><span class=\"vc_empty_space_inner\"><\/span><\/div><\/div><\/div><\/div><\/div><div  class=\"vc_column-gap-15 vc_row wpb_row vc_row-fluid in_container tabletnopadding \"><div class=\"wpb_column vc_column_container vc_col-sm-6\"><div class=\"vc_column-inner\"><div class=\"wpb_wrapper\">\n\t<div class=\"wpb_text_column wpb_content_element\" >\n\t\t<div class=\"wpb_wrapper\">\n\t\t\t<p>Du fragst dich vielleicht, was hinter dem Konzept von \u201eIntuitiv-Training\u201c steckt. Das m\u00f6chte ich dir hier gerne erkl\u00e4ren. Bei Intuitiv-Training handelt es sich um ein ganzheitliches Gesundheitskonzept, welches K\u00f6rper, Geist und Seele ber\u00fccksichtigt und in eine gesundheitsf\u00f6rdernde Balance bringt. Hierf\u00fcr stehst du als Mensch mit deinem individuellen Alltag und deinen individuellen Zielen im Mittelpunkt.<\/p>\n\n\t\t<\/div>\n\t<\/div>\n<div class=\"vc_empty_space\"   style=\"height: 32px\"><span class=\"vc_empty_space_inner\"><\/span><\/div>\n\t<div class=\"wpb_text_column wpb_content_element\" >\n\t\t<div class=\"wpb_wrapper\">\n\t\t\t<p>Nach mehr als 10 Jahren Krafttraining in verschiedensten Fitnessstudios \u2013 vom Basic- bis zum Premiumbereich, stellen sich f\u00fcr mich drei elementare Fragen: Macht dir dein Training Spa\u00df? Bleibst du langfristig dabei? Und wenn nein, wieso nicht? Was aus diesen drei Fragen resultierte, war eine grundlegende Erkenntnis: Training muss auf lange Sicht Spa\u00df machen und herausfordernd als auch progressiv gestaltet werden! Daf\u00fcr sollte das Training in jedem Fall individuell gestaltet werden und mit einem gewissen Trainingskonzept verkn\u00fcpft sein.<\/p>\n\n\t\t<\/div>\n\t<\/div>\n<\/div><\/div><\/div><div class=\"wpb_column vc_column_container vc_col-sm-6\"><div class=\"vc_column-inner\"><div class=\"wpb_wrapper\">\r\n\t<div class=\"wpb_single_image wpb_content_element vc_align_center \">\r\n\t\t\r\n\t\t<figure class=\"wpb_wrapper vc_figure\">\r\n\t\t\t<div class=\"vc_single_image-wrapper 0   vc_box_border_grey\"><img loading=\"lazy\" decoding=\"async\" width=\"373\" height=\"559\" src=\"https:\/\/intuitiv-training.com\/wp-content\/uploads\/D9AD15A1-ED02-45C7-B6FE-5248B36B20A2-373x559.png\" class=\"vc_single_image-img attachment-medium\" alt=\"\" title=\"D9AD15A1-ED02-45C7-B6FE-5248B36B20A2\" srcset=\"https:\/\/intuitiv-training.com\/wp-content\/uploads\/D9AD15A1-ED02-45C7-B6FE-5248B36B20A2-373x559.png 373w, https:\/\/intuitiv-training.com\/wp-content\/uploads\/D9AD15A1-ED02-45C7-B6FE-5248B36B20A2-683x1024.png 683w, https:\/\/intuitiv-training.com\/wp-content\/uploads\/D9AD15A1-ED02-45C7-B6FE-5248B36B20A2-768x1152.png 768w, https:\/\/intuitiv-training.com\/wp-content\/uploads\/D9AD15A1-ED02-45C7-B6FE-5248B36B20A2-8x12.png 8w, https:\/\/intuitiv-training.com\/wp-content\/uploads\/D9AD15A1-ED02-45C7-B6FE-5248B36B20A2.png 1024w\" sizes=\"auto, (max-width: 373px) 100vw, 373px\" \/><\/div>\r\n\t\t<\/figure>\r\n\t<\/div>\r\n<div class=\"vc_empty_space\"   style=\"height: 32px\"><span class=\"vc_empty_space_inner\"><\/span><\/div><\/div><\/div><\/div><\/div><div  class=\" vc_row wpb_row vc_row-fluid in_container \"><div class=\"wpb_column vc_column_container vc_col-sm-12\"><div class=\"vc_column-inner\"><div class=\"wpb_wrapper\">\n\t<div class=\"wpb_text_column wpb_content_element\" >\n\t\t<div class=\"wpb_wrapper\">\n\t\t\t<p><!-- \/wp:post-content --><\/p>\n<p><!-- wp:shortcode --><\/p>\n\n\t\t<\/div>\n\t<\/div>\n<\/div><\/div><\/div><\/div><div  class=\" vc_row wpb_row vc_row-fluid in_container tabletnopadding \"><div class=\"wpb_column vc_column_container vc_col-sm-12\"><div class=\"vc_column-inner\"><div class=\"wpb_wrapper\">\n\t<div class=\"wpb_text_column wpb_content_element\" >\n\t\t<div class=\"wpb_wrapper\">\n\t\t\t<h4>Wie kann so ein langfristiges Trainingskonzept aussehen?<\/h4>\n\n\t\t<\/div>\n\t<\/div>\n<div class=\"vc_empty_space\"   style=\"height: 10px\"><span class=\"vc_empty_space_inner\"><\/span><\/div><\/div><\/div><\/div><\/div><div  class=\" vc_row wpb_row vc_row-fluid in_container \"><div class=\"wpb_column vc_column_container vc_col-sm-12\"><div class=\"vc_column-inner\"><div class=\"wpb_wrapper\">\n\t<div class=\"wpb_text_column wpb_content_element\" >\n\t\t<div class=\"wpb_wrapper\">\n\t\t\t<p><!-- \/wp:shortcode --><\/p>\n<p><!-- wp:shortcode --><\/p>\n\n\t\t<\/div>\n\t<\/div>\n<\/div><\/div><\/div><\/div><div  class=\"vc_column-gap-15 vc_row wpb_row vc_row-fluid in_container tabletnopadding \"><div class=\"wpb_column vc_column_container vc_col-sm-4\"><div class=\"vc_column-inner\"><div class=\"wpb_wrapper\">\n\t<div class=\"wpb_text_column wpb_content_element\" >\n\t\t<div class=\"wpb_wrapper\">\n\t\t\t<p style=\"text-align: left;\">Feste Trainings- als auch Ern\u00e4hrungspl\u00e4ne k\u00f6nnen \u00fcberaus sinnvoll sein und sind in vielen F\u00e4llen sogar notwendig.<\/p>\n<p style=\"text-align: left;\">\u201eIntuitiv-Training\u201c verfolgt hier jedoch einen anderen Ansatz, der sich prim\u00e4r an diejenigen richtet, die gerne ohne einen starren Trainings- oder Ern\u00e4hrungsplan trainieren m\u00f6chten, sich ihre Flexibilit\u00e4t im Alltag als auch Training bewahren und ihre sportlichen und gesundheitlichen Ziele erreichen m\u00f6chten.<\/p>\n\n\t\t<\/div>\n\t<\/div>\n<div class=\"vc_empty_space\"   style=\"height: 32px\"><span class=\"vc_empty_space_inner\"><\/span><\/div><\/div><\/div><\/div><div class=\"wpb_column vc_column_container vc_col-sm-4\"><div class=\"vc_column-inner\"><div class=\"wpb_wrapper\">\n\t<div class=\"wpb_text_column wpb_content_element\" >\n\t\t<div class=\"wpb_wrapper\">\n\t\t\t<p>Was ist damit gemeint? Intuitives Training bedeutet f\u00fcr mich, ein Gesp\u00fcr f\u00fcr k\u00f6rperliches Training zu entwickeln, der eigenen Intuition im Training bez\u00fcglich deiner individuellen Trainingsgestaltung vertrauen zu k\u00f6nnen und mit dem n\u00f6tigen Gef\u00fchl zu trainieren. Damit ist einerseits nat\u00fcrlich ein Muskelgef\u00fchl w\u00e4hrend der \u00dcbungsausf\u00fchrung gemeint, was erlernt werden kann. Genauso aber auch ein Gef\u00fchl f\u00fcr das eigene Wohlbefinden w\u00e4hrend und nach dem Training, denn jeder Tag ist anders und ebenso nat\u00fcrlich deine Tagesform.<\/p>\n\n\t\t<\/div>\n\t<\/div>\n<div class=\"vc_empty_space\"   style=\"height: 32px\"><span class=\"vc_empty_space_inner\"><\/span><\/div><\/div><\/div><\/div><div class=\"wpb_column vc_column_container vc_col-sm-4\"><div class=\"vc_column-inner\"><div class=\"wpb_wrapper\">\n\t<div class=\"wpb_text_column wpb_content_element\" >\n\t\t<div class=\"wpb_wrapper\">\n\t\t\t<p>\u2192 Wie geht es mir heute \u00fcberhaupt?<br \/>\u2192 Habe ich Lust auf mein Training? (Und wenn nein, wieso nicht?)<br \/>\u2192 Was kann ich mir zutrauen? Wo bin ich vielleicht noch zu vorsichtig oder verkopft bei der Sache, obwohl ich mit deutlich mehr Gewicht trainieren k\u00f6nnte?<br \/>\u2192 Wie trainiere ich effektiv und geht das \u00fcberhaupt ohne Trainingsplan?<br \/>\u2192 Und mache ich die \u00dcbung \u00fcberhaupt richtig?<\/p>\n\n\t\t<\/div>\n\t<\/div>\n<div class=\"vc_empty_space\"   style=\"height: 32px\"><span class=\"vc_empty_space_inner\"><\/span><\/div><\/div><\/div><\/div><\/div><div  class=\" vc_row wpb_row vc_row-fluid in_container \"><div class=\"wpb_column vc_column_container vc_col-sm-12\"><div class=\"vc_column-inner\"><div class=\"wpb_wrapper\">\n\t<div class=\"wpb_text_column wpb_content_element\" >\n\t\t<div class=\"wpb_wrapper\">\n\t\t\t<p><!-- \/wp:shortcode --><\/p>\n<p><!-- wp:shortcode --><\/p>\n\n\t\t<\/div>\n\t<\/div>\n<\/div><\/div><\/div><\/div><div  class=\" vc_row wpb_row vc_row-fluid in_container tabletnopadding \"><div class=\"wpb_column vc_column_container vc_col-sm-12\"><div class=\"vc_column-inner\"><div class=\"wpb_wrapper\">\n\t<div class=\"wpb_text_column wpb_content_element\" >\n\t\t<div class=\"wpb_wrapper\">\n\t\t\t<h4>Intuitives Training unter Anleitung<\/h4>\n\n\t\t<\/div>\n\t<\/div>\n<div class=\"vc_empty_space\"   style=\"height: 10px\"><span class=\"vc_empty_space_inner\"><\/span><\/div><\/div><\/div><\/div><\/div><div  class=\" vc_row wpb_row vc_row-fluid in_container \"><div class=\"wpb_column vc_column_container vc_col-sm-12\"><div class=\"vc_column-inner\"><div class=\"wpb_wrapper\">\n\t<div class=\"wpb_text_column wpb_content_element\" >\n\t\t<div class=\"wpb_wrapper\">\n\t\t\t<p><!-- \/wp:shortcode --><\/p>\n<p><!-- wp:shortcode --><\/p>\n\n\t\t<\/div>\n\t<\/div>\n<\/div><\/div><\/div><\/div><div  class=\"vc_column-gap-15 vc_row wpb_row vc_row-fluid in_container tabletnopadding \"><div class=\"wpb_column vc_column_container vc_col-sm-3\"><div class=\"vc_column-inner\"><div class=\"wpb_wrapper\">\n\t<div class=\"wpb_text_column wpb_content_element\" >\n\t\t<div class=\"wpb_wrapper\">\n\t\t\t<p>Intuitives Training kann f\u00fcr dich der Schl\u00fcssel zum Erfolg sein, ein langfristiges, gesundheitsbewusstes Verfolgen deiner Ziele zu erreichen. Zuvor ist jedoch Professionalit\u00e4t hinsichtlich Trainingstechnik und Trainingsintensit\u00e4t gefragt. Deshalb m\u00f6chte ich dir mit deinen ganz pers\u00f6nlichen und individuellen Zielen weiterhelfen.<\/p>\n\n\t\t<\/div>\n\t<\/div>\n<div class=\"vc_empty_space\"   style=\"height: 32px\"><span class=\"vc_empty_space_inner\"><\/span><\/div><\/div><\/div><\/div><div class=\"wpb_column vc_column_container vc_col-sm-3\"><div class=\"vc_column-inner\"><div class=\"wpb_wrapper\">\n\t<div class=\"wpb_text_column wpb_content_element\" >\n\t\t<div class=\"wpb_wrapper\">\n\t\t\t<p>Allem voran steht nat\u00fcrlich Schmerzfreiheit und ein optimiertes Wohlbefinden immer an erster Stelle, womit ich dir als Sporttherapeut und Personal Trainer mit mehrj\u00e4hriger Berufserfahrung gerne weiterhelfe. Ich bin \u00fcberzeugt, dir weiterhelfen zu k\u00f6nnen und m\u00f6chte mein Wissen und meine Erfahrung gerne mittels einem ganzheitlichen Gesundheitskonzept mit dir teilen.<\/p>\n\n\t\t<\/div>\n\t<\/div>\n<div class=\"vc_empty_space\"   style=\"height: 32px\"><span class=\"vc_empty_space_inner\"><\/span><\/div><\/div><\/div><\/div><div class=\"wpb_column vc_column_container vc_col-sm-3\"><div class=\"vc_column-inner\"><div class=\"wpb_wrapper\">\n\t<div class=\"wpb_text_column wpb_content_element\" >\n\t\t<div class=\"wpb_wrapper\">\n\t\t\t<p>Du m\u00f6chtest gerne einen schriftlichen Trainingsplan haben? Kein Problem, ich erstelle dir gerne einen individuellen Trainingsplan, der das Konzept von \u201eIntuitiv-Training\u201c beinhaltet und sich voll und ganz auf deine pers\u00f6nlichen Ziele fokussiert.<\/p>\n\n\t\t<\/div>\n\t<\/div>\n<div class=\"vc_empty_space\"   style=\"height: 32px\"><span class=\"vc_empty_space_inner\"><\/span><\/div><\/div><\/div><\/div><div class=\"wpb_column vc_column_container vc_col-sm-3\"><div class=\"vc_column-inner\"><div class=\"wpb_wrapper\">\n\t<div class=\"wpb_text_column wpb_content_element\" >\n\t\t<div class=\"wpb_wrapper\">\n\t\t\t<p>Lass uns gerne in einem Personal Training herausfinden, was f\u00fcr dich Sinn macht und am Besten zu dir passt, ich freue mich auf dich! Du hast dazu Fragen? Nutze gerne das <a href=\"https:\/\/intuitiv-training.com\/de\/kontakt\/\">Kontaktformular<\/a>.<\/p>\n\n\t\t<\/div>\n\t<\/div>\n<div class=\"vc_empty_space\"   style=\"height: 32px\"><span class=\"vc_empty_space_inner\"><\/span><\/div><\/div><\/div><\/div><\/div><div  class=\" vc_row wpb_row vc_row-fluid in_container \"><div class=\"wpb_column vc_column_container vc_col-sm-12\"><div class=\"vc_column-inner\"><div class=\"wpb_wrapper\">\n\t<div class=\"wpb_text_column wpb_content_element\" >\n\t\t<div class=\"wpb_wrapper\">\n\t\t\t<p><!-- \/wp:shortcode --><\/p>\n\n\t\t<\/div>\n\t<\/div>\n<\/div><\/div><\/div><\/div><\/div>","protected":false},"excerpt":{"rendered":"Das Konzept Du fragst dich vielleicht, was hinter dem Konzept von \u201eIntuitiv-Training\u201c steckt. Das m\u00f6chte ich dir hier gerne erkl\u00e4ren. Bei Intuitiv-Training handelt es sich um ein ganzheitliches Gesundheitskonzept, welches K\u00f6rper, Geist und Seele ber\u00fccksichtigt und in eine gesundheitsf\u00f6rdernde Balance bringt. Hierf\u00fcr stehst du als Mensch mit deinem individuellen Alltag und deinen individuellen Zielen im Mittelpunkt. Nach mehr als 10 Jahren Krafttraining in verschiedensten Fitnessstudios \u2013 vom Basic- bis zum Premiumbereich, stellen sich f\u00fcr mich drei elementare Fragen: Macht dir [...]","protected":false},"author":1,"featured_media":0,"parent":0,"menu_order":2,"comment_status":"closed","ping_status":"closed","template":"","meta":{"_acf_changed":false,"footnotes":""},"class_list":["post-16","page","type-page","status-publish","hentry"],"acf":[],"_links":{"self":[{"href":"https:\/\/intuitiv-training.com\/de\/wp-json\/wp\/v2\/pages\/16","targetHints":{"allow":["GET"]}}],"collection":[{"href":"https:\/\/intuitiv-training.com\/de\/wp-json\/wp\/v2\/pages"}],"about":[{"href":"https:\/\/intuitiv-training.com\/de\/wp-json\/wp\/v2\/types\/page"}],"author":[{"embeddable":true,"href":"https:\/\/intuitiv-training.com\/de\/wp-json\/wp\/v2\/users\/1"}],"replies":[{"embeddable":true,"href":"https:\/\/intuitiv-training.com\/de\/wp-json\/wp\/v2\/comments?post=16"}],"version-history":[{"count":122,"href":"https:\/\/intuitiv-training.com\/de\/wp-json\/wp\/v2\/pages\/16\/revisions"}],"predecessor-version":[{"id":2416,"href":"https:\/\/intuitiv-training.com\/de\/wp-json\/wp\/v2\/pages\/16\/revisions\/2416"}],"wp:attachment":[{"href":"https:\/\/intuitiv-training.com\/de\/wp-json\/wp\/v2\/media?parent=16"}],"curies":[{"name":"wp","href":"https:\/\/api.w.org\/{rel}","templated":true}]}}