{"id":1695,"date":"2025-11-19T23:11:01","date_gmt":"2025-11-19T23:11:01","guid":{"rendered":"https:\/\/intuitiv-training.com\/?page_id=1695"},"modified":"2026-02-07T13:56:26","modified_gmt":"2026-02-07T13:56:26","slug":"impressum","status":"publish","type":"page","link":"https:\/\/intuitiv-training.com\/de\/impressum\/","title":{"rendered":"Impressum"},"content":{"rendered":"\r\n<p><strong>ANGABEN GEM\u00c4SS \u00a7 5 Digitale-Dienste-Gesetz (DDG)<\/strong><\/p>\r\n\r\n\r\n\r\n<p>Oliver Zimmermann<br \/>Prenzlauer Allee 26<br \/>10405 Berlin<\/p>\r\n\r\n\r\n\r\n<p><strong>KONTAKT<\/strong><\/p>\r\n\r\n\r\n\r\n<p>eMail: oliver@intuitiv-training.com<br \/>Web: https:\/\/intuitiv-training.com<\/p>\r\n\r\n\r\n\r\n<p><strong>REDAKTIONELL VERANTWORTLICH<\/strong><\/p>\r\n\r\n\r\n\r\n<p>Oliver Zimmermann<\/p>\r\n\r\n\r\n\r\n<p><strong>VERBRAUCHERSTREITBEILEGUNG \/ UNIVERSALSCHLICHTUNGSSTELLE<\/strong><\/p>\r\n\r\n\r\n\r\n<p>Hinweis nach \u00a7 36 Verbraucherstreitbeilegungsgesetz (VSBG):<br \/>Ich bin nicht verpflichtet, an Streitbeilegungsverfahren vor einer Verbraucherschlichtungsstelle teilzunehmen.<\/p>\r\n\r\n\r\n\r\n<p><strong>HAFTUNG F\u00dcR INHALTE<\/strong><\/p>\r\n\r\n\r\n\r\n<p>Als Diensteanbieter bin ich f\u00fcr eigene Inhalte auf diesen Seiten nach den allgemeinen Gesetzen verantwortlich. Ich bin jedoch nicht verpflichtet, \u00fcbermittelte oder gespeicherte fremde Informationen zu \u00fcberwachen oder nach Umst\u00e4nden zu forschen, die auf eine rechtswidrige T\u00e4tigkeit hinweisen. Verpflichtungen zur Entfernung oder Sperrung der Nutzung von Informationen nach den allgemeinen Gesetzen bleiben hiervon unber\u00fchrt. Eine diesbez\u00fcgliche Haftung ist jedoch erst ab dem Zeitpunkt der Kenntnis einer konkreten Rechtsverletzung m\u00f6glich. Bei Bekanntwerden von entsprechenden Rechtsverletzungen werde ich diese Inhalte umgehend entfernen.<\/p>\r\n\r\n\r\n\r\n<p><strong>HAFTUNG F\u00dcR LINKS<\/strong><\/p>\r\n\r\n\r\n\r\n<p>Mein Angebot kann Links zu externen Websites Dritter enthalten, auf deren Inhalte ich keinen Einfluss habe. Deshalb kann ich f\u00fcr diese fremden Inhalte auch keine Gew\u00e4hr \u00fcbernehmen. F\u00fcr die Inhalte der verlinkten Websites ist stets der jeweilige Anbieter oder Betreiber verantwortlich. Die verlinkten Websites wurden zum Zeitpunkt der Verlinkung in gr\u00f6\u00dftm\u00f6glicher Sorgfalt auf m\u00f6gliche Rechtsverst\u00f6\u00dfe \u00fcberpr\u00fcft. Rechtswidrige Inhalte waren zum Zeitpunkt der Verlinkung nicht erkennbar.<\/p>\r\n\r\n\r\n\r\n<p>Eine permanente inhaltliche Kontrolle der verlinkten Websites ist jedoch ohne konkrete Anhaltspunkte einer Rechtsverletzung nicht zumutbar. Bei Bekanntwerden von Rechtsverletzungen werde ich derartige Links umgehend entfernen.<\/p>\r\n\r\n\r\n\r\n<p><strong>URHEBERRECHT<\/strong><\/p>\r\n\r\n\r\n\r\n<p>Die durch mich erstellten Inhalte und Werke auf diesen Seiten unterliegen dem deutschen Urheberrecht. Die Vervielf\u00e4ltigung, Bearbeitung, Verbreitung und jede Art der Verwertung au\u00dferhalb der Grenzen des Urheberrechtes bed\u00fcrfen der schriftlichen Zustimmung des jeweiligen Autors bzw. Erstellers. Downloads und Kopien dieser Seite sind nur f\u00fcr den privaten, nicht kommerziellen Gebrauch gestattet.<\/p>\r\n\r\n\r\n\r\n<p>Soweit die Inhalte auf dieser Seite nicht von mir erstellt wurden, werden die Urheberrechte Dritter beachtet. Sollten Sie trotzdem auf eine Urheberrechtsverletzung aufmerksam werden, bitte ich um einen entsprechenden Hinweis. Bei Bekanntwerden von Rechtsverletzungen werde ich derartige Inhalte umgehend entfernen.<\/p>\r\n\r\n\r\n\r\n<p>Fotos: Oliver Zimmermann, Sqwod Pod Studio<\/p>\r\n","protected":false},"excerpt":{"rendered":"<p>ANGABEN GEM\u00c4SS \u00a7 5 Digitale-Dienste-Gesetz (DDG) Oliver ZimmermannPrenzlauer Allee 2610405 Berlin KONTAKT eMail: oliver@intuitiv-training.comWeb: https:\/\/intuitiv-training.com REDAKTIONELL VERANTWORTLICH Oliver Zimmermann VERBRAUCHERSTREITBEILEGUNG \/ UNIVERSALSCHLICHTUNGSSTELLE Hinweis nach \u00a7 36 Verbraucherstreitbeilegungsgesetz (VSBG):Ich bin nicht verpflichtet, an Streitbeilegungsverfahren vor einer Verbraucherschlichtungsstelle teilzunehmen. HAFTUNG F\u00dcR INHALTE Als Diensteanbieter bin ich f\u00fcr eigene Inhalte auf diesen Seiten nach den allgemeinen Gesetzen verantwortlich. Ich bin jedoch nicht verpflichtet, \u00fcbermittelte oder gespeicherte fremde Informationen zu \u00fcberwachen oder nach Umst\u00e4nden zu forschen, die auf eine rechtswidrige T\u00e4tigkeit hinweisen. Verpflichtungen zur [&hellip;]<\/p>\n","protected":false},"author":1,"featured_media":0,"parent":0,"menu_order":0,"comment_status":"closed","ping_status":"closed","template":"","meta":{"_acf_changed":false,"footnotes":""},"class_list":["post-1695","page","type-page","status-publish","hentry"],"acf":[],"_links":{"self":[{"href":"https:\/\/intuitiv-training.com\/de\/wp-json\/wp\/v2\/pages\/1695","targetHints":{"allow":["GET"]}}],"collection":[{"href":"https:\/\/intuitiv-training.com\/de\/wp-json\/wp\/v2\/pages"}],"about":[{"href":"https:\/\/intuitiv-training.com\/de\/wp-json\/wp\/v2\/types\/page"}],"author":[{"embeddable":true,"href":"https:\/\/intuitiv-training.com\/de\/wp-json\/wp\/v2\/users\/1"}],"replies":[{"embeddable":true,"href":"https:\/\/intuitiv-training.com\/de\/wp-json\/wp\/v2\/comments?post=1695"}],"version-history":[{"count":18,"href":"https:\/\/intuitiv-training.com\/de\/wp-json\/wp\/v2\/pages\/1695\/revisions"}],"predecessor-version":[{"id":2454,"href":"https:\/\/intuitiv-training.com\/de\/wp-json\/wp\/v2\/pages\/1695\/revisions\/2454"}],"wp:attachment":[{"href":"https:\/\/intuitiv-training.com\/de\/wp-json\/wp\/v2\/media?parent=1695"}],"curies":[{"name":"wp","href":"https:\/\/api.w.org\/{rel}","templated":true}]}}