{"id":299,"date":"2016-02-26T19:36:53","date_gmt":"2016-02-26T19:36:53","guid":{"rendered":"http:\/\/croma.irontemplates.com\/umbrella\/?page_id=299"},"modified":"2026-02-01T14:24:42","modified_gmt":"2026-02-01T14:24:42","slug":"preise","status":"publish","type":"page","link":"https:\/\/intuitiv-training.com\/de\/preise\/","title":{"rendered":"Preise"},"content":{"rendered":"<div class=\"wpb-content-wrapper\"><div  class=\" vc_row wpb_row vc_row-fluid in_container \"><div class=\"wpb_column vc_column_container vc_col-sm-12\"><div class=\"vc_column-inner\"><div class=\"wpb_wrapper\">\n\t<div class=\"wpb_text_column wpb_content_element\" >\n\t\t<div class=\"wpb_wrapper\">\n\t\t\t<p style=\"text-align: center;\">Hier die aktuelle Preis-\u00dcbersicht f\u00fcr eine Gesundheitsberatung als auch Personal Training in Berlin (Stand: 04.11.2025):<\/p>\n\n\t\t<\/div>\n\t<\/div>\n\n\t<div class=\"wpb_text_column wpb_content_element\" >\n\t\t<div class=\"wpb_wrapper\">\n\t\t\t\n\t\t<\/div>\n\t<\/div>\n\n\t<div class=\"wpb_text_column wpb_content_element\" >\n\t\t<div class=\"wpb_wrapper\">\n\t\t\t\n\t\t<\/div>\n\t<\/div>\n<\/div><\/div><\/div><\/div><div  class=\" vc_row wpb_row vc_row-fluid in_container \"><div class=\"wpb_column vc_column_container vc_col-sm-12\"><div class=\"vc_column-inner\"><div class=\"wpb_wrapper\"><div class=\"vc_separator wpb_content_element vc_separator_align_center vc_sep_width_100 vc_sep_pos_align_center vc_separator_no_text vc_sep_color_grey wpb_content_element  wpb_content_element\" ><span class=\"vc_sep_holder vc_sep_holder_l\"><span class=\"vc_sep_line\"><\/span><\/span><span class=\"vc_sep_holder vc_sep_holder_r\"><span class=\"vc_sep_line\"><\/span><\/span>\n<\/div><div  class=\"vc_row wpb_row vc_inner vc_row-fluid vc_row wpb_row vc_inner  in_container \"><div class=\"wpb_column vc_column_container vc_col-sm-12\"><div class=\"vc_column-inner\"><div class=\"wpb_wrapper\"><div class=\"vc_empty_space\"   style=\"height: 32px\"><span class=\"vc_empty_space_inner\"><\/span><\/div><\/div><\/div><\/div><\/div><\/div><\/div><\/div><\/div><div  class=\" vc_row wpb_row vc_row-fluid in_container \"><div class=\"wpb_column vc_column_container vc_col-sm-6\"><div class=\"vc_column-inner\"><div class=\"wpb_wrapper\">\n\t<div class=\"wpb_text_column wpb_content_element\" >\n\t\t<div class=\"wpb_wrapper\">\n\t\t\t<p style=\"text-align: left;\"><strong>Option 1: Gesundheitsberatung | Trainings-Paket<\/strong><\/p>\n<p style=\"text-align: left;\">Du m\u00f6chtest eine Gesundheitsberatung (online | vor Ort)<br \/>\noder Personal Training kaufen?<\/p>\n<p>&nbsp;<\/p>\n<p>1er-Paket\u00a0 (1 x 60 Minuten)\u00a0 \u00a0 \u00a0 \u00a0| 111 \u20ac einmalig<\/p>\n<p>3er-Paket (3 x 60 Minuten)\u00a0 \u00a0 \u00a0 | 313 \u20ac einmalig<\/p>\n<p>6er-Paket (6 x 60 Minuten)\u00a0 \u00a0 \u00a0 | 616 \u20ac einmalig<\/p>\n<p>12er-Paket (12 x 60 Minuten)\u00a0 \u00a0| 1.111 \u20ac einmalig<\/p>\n<p>&nbsp;<\/p>\n<p>&nbsp;<\/p>\n<p>&nbsp;<\/p>\n<p>Ich biete auch Gutscheine an.<\/p>\n<p>Frage gerne direkt nach im <a href=\"https:\/\/intuitiv-training.com\/de\/kontakt\/\">Kontaktformular<\/a>.<\/p>\n\n\t\t<\/div>\n\t<\/div>\n<\/div><\/div><\/div><div class=\"wpb_column vc_column_container vc_col-sm-6\"><div class=\"vc_column-inner\"><div class=\"wpb_wrapper\">\n\t<div class=\"wpb_text_column wpb_content_element\" >\n\t\t<div class=\"wpb_wrapper\">\n\t\t\t<p style=\"text-align: left;\"><strong>Option 2: W\u00f6chentliches Personal Training (Berlin)<\/strong><\/p>\n<p>+ kostenloses Gesundheitscoaching<strong><br \/>\n<\/strong>+ kostenlose Teilnahme an w\u00f6chentlichem Intuitiv &#8211; R U N<\/p>\n<p style=\"text-align: left;\">Du interessierst dich f\u00fcr 1- bis 3-mal pro Woche Personal Training?<br \/>\nSchlie\u00df dich dem \u201eIntuitiv-Training\u201c &#8211; Club an:<\/p>\n<p style=\"text-align: left;\">Basic &#8211; Kickstart:<br \/>\n1x Training pro Woche (60 Minuten, Laufzeit: 3 Monate) | 1.111 \u20ac einmalig<br \/>\n<em>Perfekt f\u00fcr alle, die erste Schritte starten und das intuitive Training kennenlernen m\u00f6chten.<\/em><\/p>\n<p style=\"text-align: left;\">Performance &#8211; Momentum:<br \/>\n2x Training pro Woche (60 Minuten, Laufzeit: 3 Monate) | 2.111 \u20ac einmalig<br \/>\n<em>F\u00fcr alle, die kontinuierlich Fortschritte machen und richtig in den Flow kommen m\u00f6chten.<\/em><\/p>\n<p style=\"text-align: left;\">Elite &#8211; Peak:<br \/>\n3x Training pro Woche (60 Minuten, Laufzeit: 3 Monate) | 3.222 \u20ac einmalig<br \/>\n<em>F\u00fcr ambitionierte Kunden, die ihr Maximum erreichen wollen.<\/em><\/p>\n<p>&nbsp;<\/p>\n<p>Optionale Verl\u00e4ngerung der Laufzeit auf freiwilliger Basis f\u00fcr alle drei Modelle m\u00f6glich.<\/p>\n\n\t\t<\/div>\n\t<\/div>\n<\/div><\/div><\/div><div class=\"wpb_column vc_column_container vc_col-sm-12\"><div class=\"vc_column-inner\"><div class=\"wpb_wrapper\"><\/div><\/div><\/div><\/div><div  class=\" vc_row wpb_row vc_row-fluid in_container \"><div class=\"wpb_column vc_column_container vc_col-sm-12\"><div class=\"vc_column-inner\"><div class=\"wpb_wrapper\"><div class=\"vc_empty_space\"   style=\"height: 32px\"><span class=\"vc_empty_space_inner\"><\/span><\/div>\n\t<div class=\"wpb_text_column wpb_content_element\" >\n\t\t<div class=\"wpb_wrapper\">\n\t\t\t<p style=\"text-align: center;\">Du bist Student\/in, Azubi oder kannst dir das Coaching aufgrund deiner aktuellen finanziellen Lage nicht leisten?<\/p>\n<p style=\"text-align: center;\">Sprich mich gerne diesbez\u00fcglich an und wir finden eine L\u00f6sung.<\/p>\n\n\t\t<\/div>\n\t<\/div>\n<\/div><\/div><\/div><\/div><div  class=\" vc_row wpb_row vc_row-fluid in_container \"><div class=\"wpb_column vc_column_container vc_col-sm-12\"><div class=\"vc_column-inner\"><div class=\"wpb_wrapper\"><div class=\"vc_empty_space\"   style=\"height: 32px\"><span class=\"vc_empty_space_inner\"><\/span><\/div><\/div><\/div><\/div><\/div>\n<\/div>","protected":false},"excerpt":{"rendered":"Hier die aktuelle Preis-\u00dcbersicht f\u00fcr eine Gesundheitsberatung als auch Personal Training in Berlin (Stand: 04.11.2025): Option 1: Gesundheitsberatung | Trainings-Paket Du m\u00f6chtest eine Gesundheitsberatung (online | vor Ort) oder Personal Training kaufen? &nbsp; 1er-Paket\u00a0 (1 x 60 Minuten)\u00a0 \u00a0 \u00a0 \u00a0| 111 \u20ac einmalig 3er-Paket (3 x 60 Minuten)\u00a0 \u00a0 \u00a0 | 313 \u20ac einmalig 6er-Paket (6 x 60 Minuten)\u00a0 \u00a0 \u00a0 | 616 \u20ac einmalig 12er-Paket (12 x 60 Minuten)\u00a0 \u00a0| 1.111 \u20ac einmalig &nbsp; &nbsp; &nbsp; Ich biete [...]","protected":false},"author":1,"featured_media":0,"parent":0,"menu_order":5,"comment_status":"closed","ping_status":"closed","template":"","meta":{"_acf_changed":false,"footnotes":""},"class_list":["post-299","page","type-page","status-publish","hentry"],"acf":[],"_links":{"self":[{"href":"https:\/\/intuitiv-training.com\/de\/wp-json\/wp\/v2\/pages\/299","targetHints":{"allow":["GET"]}}],"collection":[{"href":"https:\/\/intuitiv-training.com\/de\/wp-json\/wp\/v2\/pages"}],"about":[{"href":"https:\/\/intuitiv-training.com\/de\/wp-json\/wp\/v2\/types\/page"}],"author":[{"embeddable":true,"href":"https:\/\/intuitiv-training.com\/de\/wp-json\/wp\/v2\/users\/1"}],"replies":[{"embeddable":true,"href":"https:\/\/intuitiv-training.com\/de\/wp-json\/wp\/v2\/comments?post=299"}],"version-history":[{"count":86,"href":"https:\/\/intuitiv-training.com\/de\/wp-json\/wp\/v2\/pages\/299\/revisions"}],"predecessor-version":[{"id":2386,"href":"https:\/\/intuitiv-training.com\/de\/wp-json\/wp\/v2\/pages\/299\/revisions\/2386"}],"wp:attachment":[{"href":"https:\/\/intuitiv-training.com\/de\/wp-json\/wp\/v2\/media?parent=299"}],"curies":[{"name":"wp","href":"https:\/\/api.w.org\/{rel}","templated":true}]}}