{"id":1695,"date":"2025-11-19T23:11:01","date_gmt":"2025-11-19T23:11:01","guid":{"rendered":"https:\/\/intuitiv-training.com\/?page_id=1695"},"modified":"2026-02-07T13:56:26","modified_gmt":"2026-02-07T13:56:26","slug":"impressum","status":"publish","type":"page","link":"https:\/\/intuitiv-training.com\/en\/impressum\/","title":{"rendered":"Impressum"},"content":{"rendered":"<p><strong>INFORMATION PURSUANT TO \u00a7 5 Digital Services Act (DDG)<\/strong><\/p>\r\n\r\n\r\n\r\n<p>Oliver Zimmermann<br \/>Prenzlauer Allee 26<br \/>10405 Berlin<\/p>\r\n\r\n\r\n\r\n<p><strong>CONTACT<\/strong><\/p>\r\n\r\n\r\n\r\n<p>eMail: oliver@intuitiv-training.com<br \/>Web: https:\/\/intuitiv-training.com<\/p>\r\n\r\n\r\n\r\n<p><strong>RESPONSIBLE PUBLISHER<\/strong><\/p>\r\n\r\n\r\n\r\n<p>Oliver Zimmermann<\/p>\r\n\r\n\r\n\r\n<p><strong>CONSUMER DISPUTE RESOLUTION \/ UNIVERSAL DISPUTE RESOLUTION BODY<\/strong><\/p>\r\n\r\n\r\n\r\n<p class=\" translation-block\">Notice pursuant to Section 36 of the Consumer Dispute Resolution Act (VSBG):<br>I am not obliged to participate in dispute resolution proceedings before a consumer arbitration board.<\/p>\r\n\r\n\r\n\r\n<p><strong>LIABILITY FOR CONTENT<\/strong><\/p>\r\n\r\n\r\n\r\n<p>As a service provider, I am responsible for my own content on these pages in accordance with general laws. However, I am not obligated to monitor transmitted or stored third-party information or to investigate circumstances that indicate illegal activity. Obligations to remove or block the use of information in accordance with general laws remain unaffected by this. However, liability in this regard is only possible from the time of knowledge of a specific legal violation. Upon becoming aware of such legal violations, I will remove this content immediately.<\/p>\r\n\r\n\r\n\r\n<p><strong>LIABILITY FOR LINKS<\/strong><\/p>\r\n\r\n\r\n\r\n<p>My website may contain links to external third-party websites over whose content I have no influence. Therefore, I cannot accept any liability for this external content. The respective provider or operator is always responsible for the content of the linked websites. The linked websites were checked for possible legal violations with the greatest possible care at the time of linking. No illegal content was discernible at the time of linking.<\/p>\r\n\r\n\r\n\r\n<p>However, permanent monitoring of the content of linked websites is not reasonable without concrete evidence of a violation of the law. If I become aware of any violations of the law, I will remove such links immediately.<\/p>\r\n\r\n\r\n\r\n<p><strong>COPYRIGHT<\/strong><\/p>\r\n\r\n\r\n\r\n<p>The content and works on these pages created by me are subject to German copyright law. The reproduction, editing, distribution, and any kind of use outside the limits of copyright law require the written consent of the respective author or creator. Downloads and copies of this site are only permitted for private, non-commercial use.<\/p>\r\n\r\n\r\n\r\n<p>Insofar as the content on this site was not created by me, the copyrights of third parties are respected. Should you nevertheless become aware of a copyright infringement, please notify me accordingly. Upon becoming aware of any infringements, I will remove such content immediately.<\/p>\r\n\r\n\r\n\r\n<p>Pictures: Oliver Zimmermann, Sqwod Pod Studio<\/p>","protected":false},"excerpt":{"rendered":"<p>ANGABEN GEM\u00c4SS \u00a7 5 Digitale-Dienste-Gesetz (DDG) Oliver ZimmermannPrenzlauer Allee 2610405 Berlin KONTAKT eMail: oliver@intuitiv-training.comWeb: https:\/\/intuitiv-training.com REDAKTIONELL VERANTWORTLICH Oliver Zimmermann VERBRAUCHERSTREITBEILEGUNG \/ UNIVERSALSCHLICHTUNGSSTELLE Hinweis nach \u00a7 36 Verbraucherstreitbeilegungsgesetz (VSBG):Ich bin nicht verpflichtet, an Streitbeilegungsverfahren vor einer Verbraucherschlichtungsstelle teilzunehmen. HAFTUNG F\u00dcR INHALTE Als Diensteanbieter bin ich f\u00fcr eigene Inhalte auf diesen Seiten nach den allgemeinen Gesetzen verantwortlich. Ich bin jedoch nicht verpflichtet, \u00fcbermittelte oder gespeicherte fremde Informationen zu \u00fcberwachen oder nach Umst\u00e4nden zu forschen, die auf eine rechtswidrige T\u00e4tigkeit hinweisen. Verpflichtungen zur [&hellip;]<\/p>\n","protected":false},"author":1,"featured_media":0,"parent":0,"menu_order":0,"comment_status":"closed","ping_status":"closed","template":"","meta":{"_acf_changed":false,"footnotes":""},"class_list":["post-1695","page","type-page","status-publish","hentry"],"acf":[],"_links":{"self":[{"href":"https:\/\/intuitiv-training.com\/en\/wp-json\/wp\/v2\/pages\/1695","targetHints":{"allow":["GET"]}}],"collection":[{"href":"https:\/\/intuitiv-training.com\/en\/wp-json\/wp\/v2\/pages"}],"about":[{"href":"https:\/\/intuitiv-training.com\/en\/wp-json\/wp\/v2\/types\/page"}],"author":[{"embeddable":true,"href":"https:\/\/intuitiv-training.com\/en\/wp-json\/wp\/v2\/users\/1"}],"replies":[{"embeddable":true,"href":"https:\/\/intuitiv-training.com\/en\/wp-json\/wp\/v2\/comments?post=1695"}],"version-history":[{"count":18,"href":"https:\/\/intuitiv-training.com\/en\/wp-json\/wp\/v2\/pages\/1695\/revisions"}],"predecessor-version":[{"id":2454,"href":"https:\/\/intuitiv-training.com\/en\/wp-json\/wp\/v2\/pages\/1695\/revisions\/2454"}],"wp:attachment":[{"href":"https:\/\/intuitiv-training.com\/en\/wp-json\/wp\/v2\/media?parent=1695"}],"curies":[{"name":"wp","href":"https:\/\/api.w.org\/{rel}","templated":true}]}}