{"id":29,"date":"2016-02-06T21:21:36","date_gmt":"2016-02-06T21:21:36","guid":{"rendered":"http:\/\/croma.irontemplates.com\/umbrella\/?page_id=29"},"modified":"2026-02-01T13:49:23","modified_gmt":"2026-02-01T13:49:23","slug":"studio","status":"publish","type":"page","link":"https:\/\/intuitiv-training.com\/en\/studio\/","title":{"rendered":"Studio \u2013 FAQ"},"content":{"rendered":"<div class=\"wpb-content-wrapper\"><div  class=\"vc_row wpb_row vc_row-fluid in_container\"><div class=\"wpb_column vc_column_container vc_col-sm-12\"><div class=\"vc_column-inner\"><div class=\"wpb_wrapper\">\n\t<div class=\"wpb_text_column wpb_content_element\" >\n\t\t<div class=\"wpb_wrapper\">\n\t\t\t<p>Our training can generally take place at your gym in Berlin, if possible.<\/p>\n<p class=\" translation-block\">Otherwise, all personal training sessions take place in a private gym in Prenzlauer Berg or Wei\u00dfensee.<\/p>\n\n\t\t<\/div>\n\t<\/div>\n<\/div><\/div><\/div><\/div><div  class=\"vc_row wpb_row vc_row-fluid in_container\"><div class=\"wpb_column vc_column_container vc_col-sm-12\"><div class=\"vc_column-inner\"><div class=\"wpb_wrapper\"><div class=\"vc_empty_space\"   style=\"height: 32px\"><span class=\"vc_empty_space_inner\"><\/span><\/div><\/div><\/div><\/div><\/div><div  class=\"vc_row wpb_row vc_row-fluid in_container\"><div class=\"wpb_column vc_column_container vc_col-sm-12\"><div class=\"vc_column-inner\"><div class=\"wpb_wrapper\"><div  class=\"vc_do_toggle vc_toggle vc_toggle_default vc_toggle_color_default  vc_toggle_size_md\"><div class=\"vc_toggle_title\"><h4>Where exactly is the gym located?<\/h4><i class=\"vc_toggle_icon\"><\/i><\/div><div class=\"vc_toggle_content\"><p>Our Training takes place in a private Gym in Prenzlauer Berg (Kollwitzstra\u00dfe, 10405 Berlin) or in Wei\u00dfensee (Jacobsohnstra\u00dfe, 13086 Berlin).<\/p>\n<p>&nbsp;<\/p>\n<p>Here are some impressions:<\/p>\n<p><a href=\"http:\/\/intuitiv-training.com\/wp-content\/uploads\/2025\/10\/IMG_3937-scaled.jpg\"><img loading=\"lazy\" decoding=\"async\" class=\"alignnone size-medium wp-image-1416\" src=\"http:\/\/intuitiv-training.com\/wp-content\/uploads\/2025\/10\/IMG_3937-419x559.jpg\" alt=\"\" width=\"419\" height=\"559\" srcset=\"https:\/\/intuitiv-training.com\/wp-content\/uploads\/2025\/10\/IMG_3937-419x559.jpg 419w, https:\/\/intuitiv-training.com\/wp-content\/uploads\/2025\/10\/IMG_3937-768x1024.jpg 768w, https:\/\/intuitiv-training.com\/wp-content\/uploads\/2025\/10\/IMG_3937-1152x1536.jpg 1152w, https:\/\/intuitiv-training.com\/wp-content\/uploads\/2025\/10\/IMG_3937-1536x2048.jpg 1536w, https:\/\/intuitiv-training.com\/wp-content\/uploads\/2025\/10\/IMG_3937-9x12.jpg 9w, https:\/\/intuitiv-training.com\/wp-content\/uploads\/2025\/10\/IMG_3937-scaled.jpg 1920w\" sizes=\"auto, (max-width: 419px) 100vw, 419px\" \/><\/a><a href=\"http:\/\/intuitiv-training.com\/wp-content\/uploads\/2025\/10\/IMG_3898-scaled.jpg\"><img loading=\"lazy\" decoding=\"async\" class=\"alignnone size-medium wp-image-1429\" src=\"http:\/\/intuitiv-training.com\/wp-content\/uploads\/2025\/10\/IMG_3898-419x559.jpg\" alt=\"\" width=\"419\" height=\"559\" srcset=\"https:\/\/intuitiv-training.com\/wp-content\/uploads\/2025\/10\/IMG_3898-419x559.jpg 419w, https:\/\/intuitiv-training.com\/wp-content\/uploads\/2025\/10\/IMG_3898-768x1024.jpg 768w, https:\/\/intuitiv-training.com\/wp-content\/uploads\/2025\/10\/IMG_3898-1152x1536.jpg 1152w, https:\/\/intuitiv-training.com\/wp-content\/uploads\/2025\/10\/IMG_3898-1536x2048.jpg 1536w, https:\/\/intuitiv-training.com\/wp-content\/uploads\/2025\/10\/IMG_3898-9x12.jpg 9w, https:\/\/intuitiv-training.com\/wp-content\/uploads\/2025\/10\/IMG_3898-scaled.jpg 1920w\" sizes=\"auto, (max-width: 419px) 100vw, 419px\" \/><\/a><a href=\"http:\/\/intuitiv-training.com\/wp-content\/uploads\/2025\/10\/IMG_3903-scaled.jpg\"><img loading=\"lazy\" decoding=\"async\" class=\"alignnone size-medium wp-image-1427\" src=\"http:\/\/intuitiv-training.com\/wp-content\/uploads\/2025\/10\/IMG_3903-419x559.jpg\" alt=\"\" width=\"419\" height=\"559\" srcset=\"https:\/\/intuitiv-training.com\/wp-content\/uploads\/2025\/10\/IMG_3903-419x559.jpg 419w, https:\/\/intuitiv-training.com\/wp-content\/uploads\/2025\/10\/IMG_3903-768x1024.jpg 768w, https:\/\/intuitiv-training.com\/wp-content\/uploads\/2025\/10\/IMG_3903-1152x1536.jpg 1152w, https:\/\/intuitiv-training.com\/wp-content\/uploads\/2025\/10\/IMG_3903-1536x2048.jpg 1536w, https:\/\/intuitiv-training.com\/wp-content\/uploads\/2025\/10\/IMG_3903-9x12.jpg 9w, https:\/\/intuitiv-training.com\/wp-content\/uploads\/2025\/10\/IMG_3903-scaled.jpg 1920w\" sizes=\"auto, (max-width: 419px) 100vw, 419px\" \/><\/a><a href=\"http:\/\/intuitiv-training.com\/wp-content\/uploads\/2025\/10\/IMG_3913-scaled.jpg\"><img loading=\"lazy\" decoding=\"async\" class=\"alignnone size-medium wp-image-1417\" src=\"http:\/\/intuitiv-training.com\/wp-content\/uploads\/2025\/10\/IMG_3935-419x559.jpg\" alt=\"\" width=\"419\" height=\"559\" \/><\/a><\/p>\n<\/div><\/div><div  class=\"vc_do_toggle vc_toggle vc_toggle_default vc_toggle_color_default  vc_toggle_size_md\"><div class=\"vc_toggle_title\"><h4>How big is the gym and which equipment is available?<\/h4><i class=\"vc_toggle_icon\"><\/i><\/div><div class=\"vc_toggle_content\"><p>The gym has a 45 m\u00b2 training area with the following equipment:<\/p>\n<ul>\n<li>Cardio-Machines (Company NOHRD, Rowing Machine, Treadmill, Bicycle)<\/li>\n<li>Multi-Rack (with Rogue barbell and Rogue weight plates from 0.5 kg to 25 kg)<\/li>\n<li>Cable pulley tower<\/li>\n<li>Pull-Up Bar<\/li>\n<li>Free Weights from 5 kg to 25 kg (in 2.5 kg increments)<\/li>\n<li>Weight bench \/ Incline bench<\/li>\n<li>Wall Bars<\/li>\n<li>Leather Punching Bag<\/li>\n<li>Exercise Mats<\/li>\n<li>Recovery Devices (e.g. foam rollers)<\/li>\n<li>Accessories<\/li>\n<\/ul>\n<\/div><\/div><div  class=\"vc_do_toggle vc_toggle vc_toggle_default vc_toggle_color_default  vc_toggle_size_md\"><div class=\"vc_toggle_title\"><h4>Can I also shower in the gym?<\/h4><i class=\"vc_toggle_icon\"><\/i><\/div><div class=\"vc_toggle_content\"><p>Gym in Wei\u00dfensee: Yes!<\/p>\n<p>Gym in Prenzlauer Berg: Unfortunately, that's not possible so far, please bring a new shirt with you!<\/p>\n<\/div><\/div><\/div><\/div><\/div><div class=\"wpb_column vc_column_container vc_col-sm-12\"><div class=\"vc_column-inner\"><div class=\"wpb_wrapper\"><\/div><\/div><\/div><\/div>\n<\/div>","protected":false},"excerpt":{"rendered":"Unser Training kann generell, falls die M\u00f6glichkeit besteht, in deinem Fitnessstudio in Berlin stattfinden. Ansonsten gilt: Alle Personal Trainings finden in einem privaten Fitness-Studio in Prenzlauer Berg oder in Wei\u00dfensee statt. Wo genau findet das Training statt?Unser Training findet in einem privaten Fitness-Studio in Prenzlauer Berg (Kollwitzstra\u00dfe, 10405 Berlin) oder in Wei\u00dfensee (Jacobsohnstrasse, 13086 Berlin) statt. &nbsp; Hier ein paar Impressionen: Wie gro\u00df ist das Fitness-Studio und welche Ger\u00e4te gibt es?Das Fitness-Studio verf\u00fcgt \u00fcber 45qm-Trainingsfl\u00e4che mit folgenden Ger\u00e4ten: Cardio-Ger\u00e4te (Marke [...]","protected":false},"author":1,"featured_media":0,"parent":0,"menu_order":7,"comment_status":"closed","ping_status":"closed","template":"","meta":{"_acf_changed":false,"footnotes":""},"class_list":["post-29","page","type-page","status-publish","hentry"],"acf":[],"_links":{"self":[{"href":"https:\/\/intuitiv-training.com\/en\/wp-json\/wp\/v2\/pages\/29","targetHints":{"allow":["GET"]}}],"collection":[{"href":"https:\/\/intuitiv-training.com\/en\/wp-json\/wp\/v2\/pages"}],"about":[{"href":"https:\/\/intuitiv-training.com\/en\/wp-json\/wp\/v2\/types\/page"}],"author":[{"embeddable":true,"href":"https:\/\/intuitiv-training.com\/en\/wp-json\/wp\/v2\/users\/1"}],"replies":[{"embeddable":true,"href":"https:\/\/intuitiv-training.com\/en\/wp-json\/wp\/v2\/comments?post=29"}],"version-history":[{"count":35,"href":"https:\/\/intuitiv-training.com\/en\/wp-json\/wp\/v2\/pages\/29\/revisions"}],"predecessor-version":[{"id":2360,"href":"https:\/\/intuitiv-training.com\/en\/wp-json\/wp\/v2\/pages\/29\/revisions\/2360"}],"wp:attachment":[{"href":"https:\/\/intuitiv-training.com\/en\/wp-json\/wp\/v2\/media?parent=29"}],"curies":[{"name":"wp","href":"https:\/\/api.w.org\/{rel}","templated":true}]}}