{"id":654,"date":"2017-04-19T19:48:44","date_gmt":"2017-04-19T19:48:44","guid":{"rendered":"http:\/\/intuitiv-training.com\/?page_id=654"},"modified":"2026-02-07T13:47:20","modified_gmt":"2026-02-07T13:47:20","slug":"merch","status":"publish","type":"page","link":"https:\/\/intuitiv-training.com\/en\/merch\/","title":{"rendered":"T-Shirts"},"content":{"rendered":"<div class=\"wpb-content-wrapper\"><div  class=\"vc_row wpb_row vc_row-fluid in_container\"><div class=\"wpb_column vc_column_container vc_col-sm-12\"><div class=\"vc_column-inner\"><div class=\"wpb_wrapper\"><\/div><\/div><\/div><\/div><div  class=\"vc_row wpb_row vc_row-fluid in_container\"><div class=\"wpb_column vc_column_container vc_col-sm-12\"><div class=\"vc_column-inner\"><div class=\"wpb_wrapper\">\n\t<div class=\"wpb_text_column wpb_content_element\" >\n\t\t<div class=\"wpb_wrapper\">\n\t\t\t\n\t\t<\/div>\n\t<\/div>\n\n\t<div class=\"wpb_text_column wpb_content_element\" >\n\t\t<div class=\"wpb_wrapper\">\n\t\t\t<p style=\"text-align: center;\"><strong>100% Baumwolle &#8211; High Quality<\/strong><\/p>\n<p style=\"text-align: center;\">Colour: available in black or white<\/p>\n\n\t\t<\/div>\n\t<\/div>\n\r\n\t<div class=\"wpb_single_image wpb_content_element vc_align_center\">\r\n\t\t\r\n\t\t<figure class=\"wpb_wrapper vc_figure\">\r\n\t\t\t<div class=\"vc_single_image-wrapper 0   vc_box_border_grey\"><img loading=\"lazy\" decoding=\"async\" width=\"559\" height=\"559\" src=\"https:\/\/intuitiv-training.com\/wp-content\/uploads\/opti-559x559.jpg\" class=\"vc_single_image-img attachment-medium\" alt=\"\" title=\"opti\" srcset=\"https:\/\/intuitiv-training.com\/wp-content\/uploads\/opti-559x559.jpg 559w, https:\/\/intuitiv-training.com\/wp-content\/uploads\/opti-150x150.jpg 150w, https:\/\/intuitiv-training.com\/wp-content\/uploads\/opti-768x768.jpg 768w, https:\/\/intuitiv-training.com\/wp-content\/uploads\/opti-12x12.jpg 12w, https:\/\/intuitiv-training.com\/wp-content\/uploads\/opti.jpg 1024w\" sizes=\"auto, (max-width: 559px) 100vw, 559px\" \/><\/div>\r\n\t\t<\/figure>\r\n\t<\/div>\r\n\r\n\t<div class=\"wpb_single_image wpb_content_element vc_align_center\">\r\n\t\t\r\n\t\t<figure class=\"wpb_wrapper vc_figure\">\r\n\t\t\t<div class=\"vc_single_image-wrapper 0   vc_box_border_grey\"><img loading=\"lazy\" decoding=\"async\" width=\"559\" height=\"559\" src=\"https:\/\/intuitiv-training.com\/wp-content\/uploads\/opti-back-559x559.jpg\" class=\"vc_single_image-img attachment-medium\" alt=\"\" title=\"opti back\" srcset=\"https:\/\/intuitiv-training.com\/wp-content\/uploads\/opti-back-559x559.jpg 559w, https:\/\/intuitiv-training.com\/wp-content\/uploads\/opti-back-150x150.jpg 150w, https:\/\/intuitiv-training.com\/wp-content\/uploads\/opti-back-768x768.jpg 768w, https:\/\/intuitiv-training.com\/wp-content\/uploads\/opti-back-12x12.jpg 12w, https:\/\/intuitiv-training.com\/wp-content\/uploads\/opti-back.jpg 1024w\" sizes=\"auto, (max-width: 559px) 100vw, 559px\" \/><\/div>\r\n\t\t<\/figure>\r\n\t<\/div>\r\n<div class=\"vc_btn3-container vc_btn3-center  wpb_animate_when_almost_visible wpb_\">\r\n\t<a class=\"vc_general vc_btn3 vc_btn3-size-md vc_btn3-shape-rounded vc_btn3-style-modern vc_btn3-color-grey\" href=\"https:\/\/buy.stripe.com\/3cI5kC5NYfJI4W349L0Ny04\" title=\"bestellen\" target=\"_blank\">\u2192 Order shirt | $ 49.99 including shipping | Sizes: S - M - L - XL - XXL<\/a><\/div>\r\n\n\t<div class=\"wpb_text_column wpb_content_element\" >\n\t\t<div class=\"wpb_wrapper\">\n\t\t\t\n\t\t<\/div>\n\t<\/div>\n\n\t<div class=\"wpb_text_column wpb_content_element\" >\n\t\t<div class=\"wpb_wrapper\">\n\t\t\t<p style=\"text-align: center;\"><strong>100% Recycled Polyester &#8211; High Quality<\/strong><\/p>\n<p style=\"text-align: center;\">Colour: available in black or white<\/p>\n\n\t\t<\/div>\n\t<\/div>\n\r\n\t<div class=\"wpb_single_image wpb_content_element vc_align_center\">\r\n\t\t\r\n\t\t<figure class=\"wpb_wrapper vc_figure\">\r\n\t\t\t<div class=\"vc_single_image-wrapper 0   vc_box_border_grey\"><img loading=\"lazy\" decoding=\"async\" width=\"543\" height=\"559\" src=\"https:\/\/intuitiv-training.com\/wp-content\/uploads\/32c8feda-dc01-4901-84ff-8796b0f95666-543x559.png\" class=\"vc_single_image-img attachment-medium\" alt=\"\" title=\"32c8feda-dc01-4901-84ff-8796b0f95666\" srcset=\"https:\/\/intuitiv-training.com\/wp-content\/uploads\/32c8feda-dc01-4901-84ff-8796b0f95666-543x559.png 543w, https:\/\/intuitiv-training.com\/wp-content\/uploads\/32c8feda-dc01-4901-84ff-8796b0f95666-994x1024.png 994w, https:\/\/intuitiv-training.com\/wp-content\/uploads\/32c8feda-dc01-4901-84ff-8796b0f95666-768x791.png 768w, https:\/\/intuitiv-training.com\/wp-content\/uploads\/32c8feda-dc01-4901-84ff-8796b0f95666-12x12.png 12w, https:\/\/intuitiv-training.com\/wp-content\/uploads\/32c8feda-dc01-4901-84ff-8796b0f95666.png 1270w\" sizes=\"auto, (max-width: 543px) 100vw, 543px\" \/><\/div>\r\n\t\t<\/figure>\r\n\t<\/div>\r\n\r\n\t<div class=\"wpb_single_image wpb_content_element vc_align_center\">\r\n\t\t\r\n\t\t<figure class=\"wpb_wrapper vc_figure\">\r\n\t\t\t<div class=\"vc_single_image-wrapper 0   vc_box_border_grey\"><img loading=\"lazy\" decoding=\"async\" width=\"521\" height=\"559\" src=\"https:\/\/intuitiv-training.com\/wp-content\/uploads\/101b5bcd-7dcf-4334-8844-a157e114e65e-521x559.png\" class=\"vc_single_image-img attachment-medium\" alt=\"\" title=\"101b5bcd-7dcf-4334-8844-a157e114e65e\" srcset=\"https:\/\/intuitiv-training.com\/wp-content\/uploads\/101b5bcd-7dcf-4334-8844-a157e114e65e-521x559.png 521w, https:\/\/intuitiv-training.com\/wp-content\/uploads\/101b5bcd-7dcf-4334-8844-a157e114e65e-955x1024.png 955w, https:\/\/intuitiv-training.com\/wp-content\/uploads\/101b5bcd-7dcf-4334-8844-a157e114e65e-768x824.png 768w, https:\/\/intuitiv-training.com\/wp-content\/uploads\/101b5bcd-7dcf-4334-8844-a157e114e65e-11x12.png 11w, https:\/\/intuitiv-training.com\/wp-content\/uploads\/101b5bcd-7dcf-4334-8844-a157e114e65e.png 1216w\" sizes=\"auto, (max-width: 521px) 100vw, 521px\" \/><\/div>\r\n\t\t<\/figure>\r\n\t<\/div>\r\n<div class=\"vc_btn3-container vc_btn3-center  wpb_animate_when_almost_visible wpb_\">\r\n\t<a class=\"vc_general vc_btn3 vc_btn3-size-md vc_btn3-shape-rounded vc_btn3-style-modern vc_btn3-color-grey\" href=\"https:\/\/buy.stripe.com\/3cI5kC5NYfJI4W349L0Ny04\" title=\"bestellen\" target=\"_blank\">\u2192 Order shirt | $ 49.99 including shipping | Sizes: S - M - L - XL - XXL<\/a><\/div>\r\n<div class=\"vc_empty_space\"   style=\"height: 32px\"><span class=\"vc_empty_space_inner\"><\/span><\/div><\/div><\/div><\/div><\/div>\n<\/div>","protected":false},"excerpt":{"rendered":"100% Baumwolle - High Quality Farbe: erh\u00e4ltlich in schwarz oder wei\u00df \u2192 Shirt bestellen | 49,99 \u20ac inklusive Versand | Gr\u00f6\u00dfen: S - M - L - XL - XXL 100% Recycled Polyester - High Quality Farbe: erh\u00e4ltlich in schwarz oder wei\u00df \u2192 Shirt bestellen | 49,99 \u20ac inklusive Versand | Gr\u00f6\u00dfen: S - M - L - XL - XXL","protected":false},"author":1,"featured_media":0,"parent":0,"menu_order":0,"comment_status":"closed","ping_status":"closed","template":"","meta":{"_acf_changed":false,"footnotes":""},"class_list":["post-654","page","type-page","status-publish","hentry"],"acf":[],"_links":{"self":[{"href":"https:\/\/intuitiv-training.com\/en\/wp-json\/wp\/v2\/pages\/654","targetHints":{"allow":["GET"]}}],"collection":[{"href":"https:\/\/intuitiv-training.com\/en\/wp-json\/wp\/v2\/pages"}],"about":[{"href":"https:\/\/intuitiv-training.com\/en\/wp-json\/wp\/v2\/types\/page"}],"author":[{"embeddable":true,"href":"https:\/\/intuitiv-training.com\/en\/wp-json\/wp\/v2\/users\/1"}],"replies":[{"embeddable":true,"href":"https:\/\/intuitiv-training.com\/en\/wp-json\/wp\/v2\/comments?post=654"}],"version-history":[{"count":81,"href":"https:\/\/intuitiv-training.com\/en\/wp-json\/wp\/v2\/pages\/654\/revisions"}],"predecessor-version":[{"id":2452,"href":"https:\/\/intuitiv-training.com\/en\/wp-json\/wp\/v2\/pages\/654\/revisions\/2452"}],"wp:attachment":[{"href":"https:\/\/intuitiv-training.com\/en\/wp-json\/wp\/v2\/media?parent=654"}],"curies":[{"name":"wp","href":"https:\/\/api.w.org\/{rel}","templated":true}]}}