{"id":903,"date":"2025-09-15T14:03:34","date_gmt":"2025-09-15T14:03:34","guid":{"rendered":"https:\/\/intuitiv-training.com\/?page_id=903"},"modified":"2026-02-01T16:50:10","modified_gmt":"2026-02-01T16:50:10","slug":"ueber-mich","status":"publish","type":"page","link":"https:\/\/intuitiv-training.com\/en\/ueber-mich\/","title":{"rendered":"About Me"},"content":{"rendered":"<div class=\"wpb-content-wrapper\"><div  class=\"vc_row wpb_row vc_row-fluid in_container\"><div class=\"wpb_column vc_column_container vc_col-sm-4\"><div class=\"vc_column-inner\"><div class=\"wpb_wrapper\">\r\n\t<div class=\"wpb_single_image wpb_content_element vc_align_center\">\r\n\t\t\r\n\t\t<figure class=\"wpb_wrapper vc_figure\">\r\n\t\t\t<div class=\"vc_single_image-wrapper 0 vc_box_border  vc_box_border_grey\"><img decoding=\"async\" class=\"vc_single_image-img\" src=\"https:\/\/intuitiv-training.com\/wp-content\/uploads\/Selfie-Kopie-1-250x300.jpeg\" width=\"250\" height=\"300\" alt=\"Selfie Kopie\" title=\"Selfie Kopie\" loading=\"lazy\" \/><\/div>\r\n\t\t<\/figure>\r\n\t<\/div>\r\n<\/div><\/div><\/div><div class=\"wpb_column vc_column_container vc_col-sm-4\"><div class=\"vc_column-inner\"><div class=\"wpb_wrapper\">\n\t<div class=\"wpb_text_column wpb_content_element\" >\n\t\t<div class=\"wpb_wrapper\">\n\t\t\t<p style=\"text-align: left;\">My name is Oliver, I am 31 years old and originally from the south of Germany, a little town near to<br \/>Freiburg im Breisgau.<\/p>\n<p style=\"text-align: left;\">I studied sports science (M. A.) and exercise &amp; health + sports therapy (B. Sc.) and work as a freelance personal trainer and<br \/>health consultant.<\/p>\n<p>You can find a brief overview of some of my\nprevious freelance positions <a href=\"https:\/\/intuitiv-training.com\/de\/event\/pt-start\/\">here!<\/a><\/p>\n<p style=\"text-align: left;\">Fitness and health have been a part of my life<br \/>my whole life. Having played soccer for a long time as a teenager, I became even more fascinated\nby the performance and aesthetics of the human body.<\/p>\n\n\t\t<\/div>\n\t<\/div>\n<\/div><\/div><\/div><div class=\"wpb_column vc_column_container vc_col-sm-4\"><div class=\"vc_column-inner\"><div class=\"wpb_wrapper\">\n\t<div class=\"wpb_text_column wpb_content_element\" >\n\t\t<div class=\"wpb_wrapper\">\n\t\t\t<p>At around 17 years of age, I started doing home workouts for about a year with the goal of building an athletic body.<\/p>\n<p><!-- \/wp:post-content -->When I subsequently started weight training at a gym near my hometown, I embarked on a journey that allowed me to get to know myself on both a physical and mental level.<\/p>\n<p>After completing a yoga teacher training course (RYT-200) in Bali (Indonesia) in 2025, I ran my first marathon (42km) in October 2025 in Cologne.<\/p>\n<p><!-- \/wp:paragraph --><\/p>\n<p><!-- wp:paragraph -->My work with you focuses on your overall health. This includes strength training, cardiovascular training, flexibility training, and your mental and general well-being. And, of course, any other health concerns you may have!<\/p>\n\n\t\t<\/div>\n\t<\/div>\n<\/div><\/div><\/div><\/div><div  class=\"vc_row wpb_row vc_row-fluid in_container\"><div class=\"wpb_column vc_column_container vc_col-sm-12\"><div class=\"vc_column-inner\"><div class=\"wpb_wrapper\"><div class=\"vc_empty_space\"   style=\"height: 32px\"><span class=\"vc_empty_space_inner\"><\/span><\/div><div class=\"vc_empty_space\"   style=\"height: 32px\"><span class=\"vc_empty_space_inner\"><\/span><\/div><\/div><\/div><\/div><\/div><div  class=\"vc_row wpb_row vc_row-fluid in_container\"><div class=\"wpb_column vc_column_container vc_col-sm-4\"><div class=\"vc_column-inner\"><div class=\"wpb_wrapper\"><\/div><\/div><\/div><div class=\"wpb_column vc_column_container vc_col-sm-4\"><div class=\"vc_column-inner\"><div class=\"wpb_wrapper\"><div class=\"wpb_images_carousel wpb_content_element vc_clearfix wpb_content_element\"><div class=\"wpb_wrapper\"><div id=\"vc_images-carousel-1-1776354883\" data-ride=\"vc_carousel\" data-wrap=\"false\" style=\"width: 559px;\" data-interval=\"5000\" data-auto-height=\"yes\" data-mode=\"horizontal\" data-partial=\"false\" data-per-view=\"1\" data-hide-on-end=\"false\" class=\"vc_slide vc_images_carousel\"><ol class=\"vc_carousel-indicators\"><li data-target=\"#vc_images-carousel-1-1776354883\" data-slide-to=\"0\"><\/li><li data-target=\"#vc_images-carousel-1-1776354883\" data-slide-to=\"1\"><\/li><li data-target=\"#vc_images-carousel-1-1776354883\" data-slide-to=\"2\"><\/li><li data-target=\"#vc_images-carousel-1-1776354883\" data-slide-to=\"3\"><\/li><li data-target=\"#vc_images-carousel-1-1776354883\" data-slide-to=\"4\"><\/li><li data-target=\"#vc_images-carousel-1-1776354883\" data-slide-to=\"5\"><\/li><li data-target=\"#vc_images-carousel-1-1776354883\" data-slide-to=\"6\"><\/li><\/ol><div class=\"vc_carousel-inner\"><div class=\"vc_carousel-slideline\"><div class=\"vc_carousel-slideline-inner\"><div class=\"vc_item\"><div class=\"vc_inner\"><img loading=\"lazy\" decoding=\"async\" width=\"373\" height=\"559\" src=\"https:\/\/intuitiv-training.com\/wp-content\/uploads\/D9AD15A1-ED02-45C7-B6FE-5248B36B20A2-373x559.png\" class=\"attachment-medium\" alt=\"\" title=\"D9AD15A1-ED02-45C7-B6FE-5248B36B20A2\" srcset=\"https:\/\/intuitiv-training.com\/wp-content\/uploads\/D9AD15A1-ED02-45C7-B6FE-5248B36B20A2-373x559.png 373w, https:\/\/intuitiv-training.com\/wp-content\/uploads\/D9AD15A1-ED02-45C7-B6FE-5248B36B20A2-683x1024.png 683w, https:\/\/intuitiv-training.com\/wp-content\/uploads\/D9AD15A1-ED02-45C7-B6FE-5248B36B20A2-768x1152.png 768w, https:\/\/intuitiv-training.com\/wp-content\/uploads\/D9AD15A1-ED02-45C7-B6FE-5248B36B20A2-8x12.png 8w, https:\/\/intuitiv-training.com\/wp-content\/uploads\/D9AD15A1-ED02-45C7-B6FE-5248B36B20A2.png 1024w\" sizes=\"auto, (max-width: 373px) 100vw, 373px\" \/><\/div><\/div><div class=\"vc_item\"><div class=\"vc_inner\"><img loading=\"lazy\" decoding=\"async\" width=\"373\" height=\"559\" src=\"https:\/\/intuitiv-training.com\/wp-content\/uploads\/ChatGPT-Image-30.-Jan.-2026-13_24_18-373x559.png\" class=\"attachment-medium\" alt=\"\" title=\"ChatGPT Image 30. Jan. 2026, 13_24_18\" srcset=\"https:\/\/intuitiv-training.com\/wp-content\/uploads\/ChatGPT-Image-30.-Jan.-2026-13_24_18-373x559.png 373w, https:\/\/intuitiv-training.com\/wp-content\/uploads\/ChatGPT-Image-30.-Jan.-2026-13_24_18-683x1024.png 683w, https:\/\/intuitiv-training.com\/wp-content\/uploads\/ChatGPT-Image-30.-Jan.-2026-13_24_18-768x1152.png 768w, https:\/\/intuitiv-training.com\/wp-content\/uploads\/ChatGPT-Image-30.-Jan.-2026-13_24_18-8x12.png 8w, https:\/\/intuitiv-training.com\/wp-content\/uploads\/ChatGPT-Image-30.-Jan.-2026-13_24_18.png 1024w\" sizes=\"auto, (max-width: 373px) 100vw, 373px\" \/><\/div><\/div><div class=\"vc_item\"><div class=\"vc_inner\"><img loading=\"lazy\" decoding=\"async\" width=\"516\" height=\"559\" src=\"https:\/\/intuitiv-training.com\/wp-content\/uploads\/Untitled-design-Kopie-516x559.png\" class=\"attachment-medium\" alt=\"\" title=\"Untitled design Kopie\" srcset=\"https:\/\/intuitiv-training.com\/wp-content\/uploads\/Untitled-design-Kopie-516x559.png 516w, https:\/\/intuitiv-training.com\/wp-content\/uploads\/Untitled-design-Kopie-945x1024.png 945w, https:\/\/intuitiv-training.com\/wp-content\/uploads\/Untitled-design-Kopie-768x832.png 768w, https:\/\/intuitiv-training.com\/wp-content\/uploads\/Untitled-design-Kopie-11x12.png 11w, https:\/\/intuitiv-training.com\/wp-content\/uploads\/Untitled-design-Kopie.png 1082w\" sizes=\"auto, (max-width: 516px) 100vw, 516px\" \/><\/div><\/div><div class=\"vc_item\"><div class=\"vc_inner\"><img loading=\"lazy\" decoding=\"async\" width=\"373\" height=\"559\" src=\"https:\/\/intuitiv-training.com\/wp-content\/uploads\/2025\/10\/fav5-373x559.jpg\" class=\"attachment-medium\" alt=\"\" title=\"fav5\" srcset=\"https:\/\/intuitiv-training.com\/wp-content\/uploads\/2025\/10\/fav5-373x559.jpg 373w, https:\/\/intuitiv-training.com\/wp-content\/uploads\/2025\/10\/fav5-682x1024.jpg 682w, https:\/\/intuitiv-training.com\/wp-content\/uploads\/2025\/10\/fav5-768x1152.jpg 768w, https:\/\/intuitiv-training.com\/wp-content\/uploads\/2025\/10\/fav5-1024x1536.jpg 1024w, https:\/\/intuitiv-training.com\/wp-content\/uploads\/2025\/10\/fav5-1365x2048.jpg 1365w, https:\/\/intuitiv-training.com\/wp-content\/uploads\/2025\/10\/fav5-8x12.jpg 8w, https:\/\/intuitiv-training.com\/wp-content\/uploads\/2025\/10\/fav5-scaled.jpg 1706w\" sizes=\"auto, (max-width: 373px) 100vw, 373px\" \/><\/div><\/div><div class=\"vc_item\"><div class=\"vc_inner\"><img loading=\"lazy\" decoding=\"async\" width=\"373\" height=\"559\" src=\"https:\/\/intuitiv-training.com\/wp-content\/uploads\/2025\/10\/569723761-373x559.jpg\" class=\"attachment-medium\" alt=\"\" title=\"569723761\" srcset=\"https:\/\/intuitiv-training.com\/wp-content\/uploads\/2025\/10\/569723761-373x559.jpg 373w, https:\/\/intuitiv-training.com\/wp-content\/uploads\/2025\/10\/569723761-682x1024.jpg 682w, https:\/\/intuitiv-training.com\/wp-content\/uploads\/2025\/10\/569723761-768x1152.jpg 768w, https:\/\/intuitiv-training.com\/wp-content\/uploads\/2025\/10\/569723761-1024x1536.jpg 1024w, https:\/\/intuitiv-training.com\/wp-content\/uploads\/2025\/10\/569723761-1365x2048.jpg 1365w, https:\/\/intuitiv-training.com\/wp-content\/uploads\/2025\/10\/569723761-8x12.jpg 8w, https:\/\/intuitiv-training.com\/wp-content\/uploads\/2025\/10\/569723761-scaled.jpg 1706w\" sizes=\"auto, (max-width: 373px) 100vw, 373px\" \/><\/div><\/div><div class=\"vc_item\"><div class=\"vc_inner\"><img loading=\"lazy\" decoding=\"async\" width=\"559\" height=\"373\" src=\"https:\/\/intuitiv-training.com\/wp-content\/uploads\/2025\/10\/5699236762-559x373.jpg\" class=\"attachment-medium\" alt=\"\" title=\"569923676(2)\" srcset=\"https:\/\/intuitiv-training.com\/wp-content\/uploads\/2025\/10\/5699236762-559x373.jpg 559w, https:\/\/intuitiv-training.com\/wp-content\/uploads\/2025\/10\/5699236762-1024x682.jpg 1024w, https:\/\/intuitiv-training.com\/wp-content\/uploads\/2025\/10\/5699236762-768x512.jpg 768w, https:\/\/intuitiv-training.com\/wp-content\/uploads\/2025\/10\/5699236762-1536x1024.jpg 1536w, https:\/\/intuitiv-training.com\/wp-content\/uploads\/2025\/10\/5699236762-2048x1365.jpg 2048w, https:\/\/intuitiv-training.com\/wp-content\/uploads\/2025\/10\/5699236762-18x12.jpg 18w\" sizes=\"auto, (max-width: 559px) 100vw, 559px\" \/><\/div><\/div><div class=\"vc_item\"><div class=\"vc_inner\"><img loading=\"lazy\" decoding=\"async\" width=\"284\" height=\"559\" src=\"https:\/\/intuitiv-training.com\/wp-content\/uploads\/2025\/10\/569723763-scaled-e1760289139305-284x559.jpg\" class=\"attachment-medium\" alt=\"\" title=\"569723763\" srcset=\"https:\/\/intuitiv-training.com\/wp-content\/uploads\/2025\/10\/569723763-scaled-e1760289139305-284x559.jpg 284w, https:\/\/intuitiv-training.com\/wp-content\/uploads\/2025\/10\/569723763-scaled-e1760289139305-521x1024.jpg 521w, https:\/\/intuitiv-training.com\/wp-content\/uploads\/2025\/10\/569723763-scaled-e1760289139305-768x1511.jpg 768w, https:\/\/intuitiv-training.com\/wp-content\/uploads\/2025\/10\/569723763-scaled-e1760289139305-781x1536.jpg 781w, https:\/\/intuitiv-training.com\/wp-content\/uploads\/2025\/10\/569723763-scaled-e1760289139305-1041x2048.jpg 1041w, https:\/\/intuitiv-training.com\/wp-content\/uploads\/2025\/10\/569723763-scaled-e1760289139305-6x12.jpg 6w, https:\/\/intuitiv-training.com\/wp-content\/uploads\/2025\/10\/569723763-scaled-e1760289139305.jpg 1093w\" sizes=\"auto, (max-width: 284px) 100vw, 284px\" \/><\/div><\/div><\/div><\/div><\/div><a class=\"vc_left vc_carousel-control\" href=\"#vc_images-carousel-1-1776354883\" data-slide=\"prev\"><span class=\"icon-prev\"><\/span><\/a><a class=\"vc_right vc_carousel-control\" href=\"#vc_images-carousel-1-1776354883\" data-slide=\"next\"><span class=\"icon-next\"><\/span><\/a><\/div><\/div><\/div><\/div><\/div><\/div><div class=\"wpb_column vc_column_container vc_col-sm-4\"><div class=\"vc_column-inner\"><div class=\"wpb_wrapper\"><\/div><\/div><\/div><\/div><div  class=\"vc_row wpb_row vc_row-fluid in_container\"><div class=\"wpb_column vc_column_container vc_col-sm-12\"><div class=\"vc_column-inner\"><div class=\"wpb_wrapper\"><div class=\"vc_empty_space\"   style=\"height: 32px\"><span class=\"vc_empty_space_inner\"><\/span><\/div><\/div><\/div><\/div><\/div><\/div>","protected":false},"excerpt":{"rendered":"Mein Name ist Oliver, ich bin 31 Jahre alt und komme urspr\u00fcnglich aus der N\u00e4he vonFreiburg im Breisgau. Ich habe Sportwissenschaften (M. A.) sowie Bewegung &amp; Gesundheit + Sporttherapie (B. Sc.) studiert und bin als freiberuflicher PersonalTrainer und Gesundheitsberater t\u00e4tig. Einen kleinen \u00dcberblick \u00fcber einige meiner bisherigen, freiberuflichen Stationen findest du hier! Fitness und Gesundheit begleitet mich bereitsmein ganzes Leben. Nachdem ich als Jugendlicher lange Zeit Fu\u00dfball gespielt habe, faszinierte mich die Leistungsf\u00e4higkeit und \u00c4sthetik des menschlichen K\u00f6rpers umso mehr. [...]","protected":false},"author":1,"featured_media":0,"parent":0,"menu_order":0,"comment_status":"closed","ping_status":"closed","template":"","meta":{"_acf_changed":false,"footnotes":""},"class_list":["post-903","page","type-page","status-publish","hentry"],"acf":[],"_links":{"self":[{"href":"https:\/\/intuitiv-training.com\/en\/wp-json\/wp\/v2\/pages\/903","targetHints":{"allow":["GET"]}}],"collection":[{"href":"https:\/\/intuitiv-training.com\/en\/wp-json\/wp\/v2\/pages"}],"about":[{"href":"https:\/\/intuitiv-training.com\/en\/wp-json\/wp\/v2\/types\/page"}],"author":[{"embeddable":true,"href":"https:\/\/intuitiv-training.com\/en\/wp-json\/wp\/v2\/users\/1"}],"replies":[{"embeddable":true,"href":"https:\/\/intuitiv-training.com\/en\/wp-json\/wp\/v2\/comments?post=903"}],"version-history":[{"count":78,"href":"https:\/\/intuitiv-training.com\/en\/wp-json\/wp\/v2\/pages\/903\/revisions"}],"predecessor-version":[{"id":2413,"href":"https:\/\/intuitiv-training.com\/en\/wp-json\/wp\/v2\/pages\/903\/revisions\/2413"}],"wp:attachment":[{"href":"https:\/\/intuitiv-training.com\/en\/wp-json\/wp\/v2\/media?parent=903"}],"curies":[{"name":"wp","href":"https:\/\/api.w.org\/{rel}","templated":true}]}}