{"id":969,"date":"2025-09-15T19:49:38","date_gmt":"2025-09-15T19:49:38","guid":{"rendered":"https:\/\/intuitiv-training.com\/?page_id=969"},"modified":"2026-02-01T14:35:04","modified_gmt":"2026-02-01T14:35:04","slug":"sporttherapie-berlin","status":"publish","type":"page","link":"https:\/\/intuitiv-training.com\/en\/sporttherapie-berlin\/","title":{"rendered":"SPORTS THERAPY \u2013 BERLIN"},"content":{"rendered":"<div class=\"wpb-content-wrapper\"><div  class=\"vc_row wpb_row vc_row-fluid full_width\"><div class=\"wpb_column vc_column_container vc_col-sm-12\"><div class=\"vc_column-inner\"><div class=\"wpb_wrapper\"><div class=\"vc_empty_space\"   style=\"height: 32px\"><span class=\"vc_empty_space_inner\"><\/span><\/div><div class=\"vc_empty_space\"   style=\"height: 32px\"><span class=\"vc_empty_space_inner\"><\/span><\/div><div class=\"vc_empty_space\"   style=\"height: 32px\"><span class=\"vc_empty_space_inner\"><\/span><\/div><div class=\"vc_empty_space\"   style=\"height: 32px\"><span class=\"vc_empty_space_inner\"><\/span><\/div><h3 style=\"font-size: 36px;line-height: 14px;text-align: center\" class=\"vc_custom_heading\">Sports Therapy<\/h3>\t<div class=\"dividerwrap\" style=\"padding-top:px; padding-bottom:px;\">\r\n\t\t<div class=\"imagedivider center\">\r\n\t\t<img decoding=\"async\" src=\"https:\/\/intuitiv-training.com\/wp-content\/uploads\/2016\/02\/divider-gold.png\" class=\"imagedividerpic\" alt=\"divider\">\r\n\t\t<\/div>\r\n\t\t<div class=\"clear\"><\/div>\r\n\t<\/div><div class=\"vc_empty_space\"   style=\"height: 32px\"><span class=\"vc_empty_space_inner\"><\/span><\/div><\/div><\/div><\/div><\/div><div  class=\"vc_row wpb_row vc_row-fluid in_container\"><div class=\"wpb_column vc_column_container vc_col-sm-6\"><div class=\"vc_column-inner\"><div class=\"wpb_wrapper\">\n\t<div class=\"wpb_text_column wpb_content_element\" >\n\t\t<div class=\"wpb_wrapper\">\n\t\t\t<p>Many people struggle with physical problems due to their everyday working lives or are dissatisfied with their posture. I analyze your body and show you specific exercises to improve your symptoms.<\/p>\n<p>Due to my degree in Sports Science with a focus on exercise and health, specializing in sports therapy, and my professional experience in healthcare, I can provide you with solid practical knowledge that I have already successfully applied in health and rehabilitation centers, companies and fitness facilities.<\/p>\n<p>If that sounds interesting to you, then I warmly invite you <a href=\"https:\/\/intuitiv-training.com\/de\/kontakt\/\">here<\/a> to book a non-obligational informational talk!<\/p>\n\n\t\t<\/div>\n\t<\/div>\n<\/div><\/div><\/div><div class=\"wpb_column vc_column_container vc_col-sm-6\"><div class=\"vc_column-inner\"><div class=\"wpb_wrapper\">\r\n\t<div class=\"wpb_single_image wpb_content_element vc_align_center\">\r\n\t\t\r\n\t\t<figure class=\"wpb_wrapper vc_figure\">\r\n\t\t\t<div class=\"vc_single_image-wrapper 0 vc_box_border  vc_box_border_grey\"><img loading=\"lazy\" decoding=\"async\" width=\"516\" height=\"559\" src=\"https:\/\/intuitiv-training.com\/wp-content\/uploads\/Untitled-design-516x559.png\" class=\"vc_single_image-img attachment-medium\" alt=\"\" title=\"Untitled design\" srcset=\"https:\/\/intuitiv-training.com\/wp-content\/uploads\/Untitled-design-516x559.png 516w, https:\/\/intuitiv-training.com\/wp-content\/uploads\/Untitled-design-945x1024.png 945w, https:\/\/intuitiv-training.com\/wp-content\/uploads\/Untitled-design-768x832.png 768w, https:\/\/intuitiv-training.com\/wp-content\/uploads\/Untitled-design-11x12.png 11w, https:\/\/intuitiv-training.com\/wp-content\/uploads\/Untitled-design.png 1082w\" sizes=\"auto, (max-width: 516px) 100vw, 516px\" \/><\/div>\r\n\t\t<\/figure>\r\n\t<\/div>\r\n<\/div><\/div><\/div><\/div><div  class=\"vc_column-gap-20 vc_row wpb_row vc_row-fluid vc_custom_1455836621089 full_width\"><div class=\"wpb_column vc_column_container vc_col-sm-12\"><div class=\"vc_column-inner\"><div class=\"wpb_wrapper\"><h2 style=\"font-size: 14px;line-height: 14px;text-align: center\" class=\"vc_custom_heading\">ABOUT ME<\/h2>\t<div class=\"dividerwrap\" style=\"padding-top:px; padding-bottom:px;\">\r\n\t\t<div class=\"imagedivider center\">\r\n\t\t<img decoding=\"async\" src=\"https:\/\/intuitiv-training.com\/wp-content\/uploads\/2016\/02\/divider-gold.png\" class=\"imagedividerpic\" alt=\"divider\">\r\n\t\t<\/div>\r\n\t\t<div class=\"clear\"><\/div>\r\n\t<\/div><div  class=\"vc_row wpb_row vc_inner vc_row-fluid vc_custom_1456696842180 vc_column-gap-25 vc_row wpb_row vc_inner  vc_custom_1456696842180 in_container\"><div class=\"wpb_column vc_column_container vc_col-sm-6\"><div class=\"vc_column-inner\"><div class=\"wpb_wrapper\">\r\n\t<div class=\"wpb_single_image wpb_content_element vc_align_center\">\r\n\t\t\r\n\t\t<figure class=\"wpb_wrapper vc_figure\">\r\n\t\t\t<div class=\"vc_single_image-wrapper 0   vc_box_border_grey\"><img loading=\"lazy\" decoding=\"async\" width=\"1706\" height=\"2560\" src=\"https:\/\/intuitiv-training.com\/wp-content\/uploads\/2025\/10\/569723761-scaled.jpg\" class=\"vc_single_image-img attachment-full\" alt=\"\" title=\"569723761\" srcset=\"https:\/\/intuitiv-training.com\/wp-content\/uploads\/2025\/10\/569723761-scaled.jpg 1706w, https:\/\/intuitiv-training.com\/wp-content\/uploads\/2025\/10\/569723761-373x559.jpg 373w, https:\/\/intuitiv-training.com\/wp-content\/uploads\/2025\/10\/569723761-682x1024.jpg 682w, https:\/\/intuitiv-training.com\/wp-content\/uploads\/2025\/10\/569723761-768x1152.jpg 768w, https:\/\/intuitiv-training.com\/wp-content\/uploads\/2025\/10\/569723761-1024x1536.jpg 1024w, https:\/\/intuitiv-training.com\/wp-content\/uploads\/2025\/10\/569723761-1365x2048.jpg 1365w, https:\/\/intuitiv-training.com\/wp-content\/uploads\/2025\/10\/569723761-8x12.jpg 8w\" sizes=\"auto, (max-width: 1706px) 100vw, 1706px\" \/><\/div>\r\n\t\t<\/figure>\r\n\t<\/div>\r\n<\/div><\/div><\/div><div class=\"wpb_column vc_column_container vc_col-sm-6\"><div class=\"vc_column-inner\"><div class=\"wpb_wrapper\">\n\t<div class=\"wpb_text_column wpb_content_element\" >\n\t\t<div class=\"wpb_wrapper\">\n\t\t\t<h1><span style=\"color: #a67f57;\">Oliver Zimmermann<\/span><\/h1>\n<p>My name is Oliver, I am 31 years old and originally from the south of Germany near to Freiburg im Breisgau.<\/p>\n<p class=\" translation-block\">I studied sports science (M. A.) and movement &amp; health (B. Sc.) with focus: sports therapy and continued as a freelance personal trainer and health consultant.<\/p>\n<p>Welcome to Intuitiv-Training!<\/p>\n<p>If you would like to get to know me better, have a look <a href=\"https:\/\/intuitiv-training.com\/de\/ueber-mich\/\">here<\/a>.<\/p>\n<p>With best regards,<\/p>\n<p>Oliver<\/p>\n\n\t\t<\/div>\n\t<\/div>\n<\/div><\/div><\/div><\/div><\/div><\/div><\/div><\/div>\n<\/div>","protected":false},"excerpt":{"rendered":"Sporttherapie Viele Menschen haben aufgrund ihres beruflichen Alltags mit k\u00f6rperlichen Problemen zu k\u00e4mpfen oder sind mit ihrer K\u00f6rperhaltung unzufrieden. Ich analysiere deinen K\u00f6rper und zeige dir gezielte \u00dcbungen zur Verbesserung deiner Beschwerden. Durch mein Sportstudium Bewegung &amp; Gesundheit mit Schwerpunkt: Sporttherapie und meine berufliche Erfahrung im Gesundheitswesen kann ich dir fundiertes Praxiswissen vermitteln, welches ich in Gesundheits- &amp; Rehabilitationszentren, Unternehmen und Fitnesseinrichtungen bereits erfolgreich anwenden konnte. Wenn das f\u00fcr dich interessant klingt, dann lade ich dich herzlich dazu ein, hier [...]","protected":false},"author":1,"featured_media":0,"parent":0,"menu_order":2,"comment_status":"closed","ping_status":"closed","template":"","meta":{"_acf_changed":false,"footnotes":""},"class_list":["post-969","page","type-page","status-publish","hentry"],"acf":[],"_links":{"self":[{"href":"https:\/\/intuitiv-training.com\/en\/wp-json\/wp\/v2\/pages\/969","targetHints":{"allow":["GET"]}}],"collection":[{"href":"https:\/\/intuitiv-training.com\/en\/wp-json\/wp\/v2\/pages"}],"about":[{"href":"https:\/\/intuitiv-training.com\/en\/wp-json\/wp\/v2\/types\/page"}],"author":[{"embeddable":true,"href":"https:\/\/intuitiv-training.com\/en\/wp-json\/wp\/v2\/users\/1"}],"replies":[{"embeddable":true,"href":"https:\/\/intuitiv-training.com\/en\/wp-json\/wp\/v2\/comments?post=969"}],"version-history":[{"count":58,"href":"https:\/\/intuitiv-training.com\/en\/wp-json\/wp\/v2\/pages\/969\/revisions"}],"predecessor-version":[{"id":2399,"href":"https:\/\/intuitiv-training.com\/en\/wp-json\/wp\/v2\/pages\/969\/revisions\/2399"}],"wp:attachment":[{"href":"https:\/\/intuitiv-training.com\/en\/wp-json\/wp\/v2\/media?parent=969"}],"curies":[{"name":"wp","href":"https:\/\/api.w.org\/{rel}","templated":true}]}}